{"id":2685,"date":"2024-04-09T09:10:27","date_gmt":"2024-04-09T07:10:27","guid":{"rendered":"https:\/\/www.eurobelt.com\/customer-area\/cad-drawings\/cad-drawings-q50\/"},"modified":"2025-02-10T17:43:05","modified_gmt":"2025-02-10T15:43:05","slug":"cad-drawings-q50","status":"publish","type":"page","link":"https:\/\/www.eurobelt.com\/en\/customer-area\/cad-drawings\/cad-drawings-q50\/","title":{"rendered":"CAD Drawings &#8211; Q50"},"content":{"rendered":"You must be logged in to view this content.","protected":false},"excerpt":{"rendered":"You must be logged in to view this content.","protected":false},"author":1,"featured_media":0,"parent":2655,"menu_order":0,"comment_status":"closed","ping_status":"closed","template":"","meta":{"footnotes":""},"class_list":["post-2685","page","type-page","status-publish","hentry"],"yoast_head":"<!-- This site is optimized with the Yoast SEO plugin v27.0 - https:\/\/yoast.com\/product\/yoast-seo-wordpress\/ -->\n<title>CAD Drawings - Q50 - Eurobelt<\/title>\n<meta name=\"robots\" content=\"index, follow, max-snippet:-1, max-image-preview:large, max-video-preview:-1\" \/>\n<link rel=\"canonical\" href=\"https:\/\/www.eurobelt.com\/area-cliente\/dibujos-cad\/dibujos-cad-q50\/\" \/>\n<meta property=\"og:locale\" content=\"en_US\" \/>\n<meta property=\"og:type\" content=\"article\" \/>\n<meta property=\"og:title\" content=\"CAD Drawings - Q50 - Eurobelt\" \/>\n<meta property=\"og:description\" content=\"This content is restricted to site members. If you are an existing user, please log in. New users may register below.Existing Users Log InUsername or EmailPassword&nbsp;Remember Me&nbsp;&nbsp;Forgot password?&nbsp;Click here to resetNew User RegistrationChoose a Username*Email*First Name*Company*Departamento*GerenciaT\u00e9cnicoComprasFinancieroMantenimientoOtrosActivityUsuarioFabricanteIngenieriaRevendedorSectorAddress 1*CIFCity*State*Zip*Country*Day Phone* He le\u00eddo y acepto la pol\u00edtica de protecci\u00f3n de datos*Acepto el env\u00edo de informaci\u00f3n relativa a nuestros [&hellip;]\" \/>\n<meta property=\"og:url\" content=\"https:\/\/www.eurobelt.com\/area-cliente\/dibujos-cad\/dibujos-cad-q50\/\" \/>\n<meta property=\"og:site_name\" content=\"Eurobelt\" \/>\n<meta property=\"article:modified_time\" content=\"2025-02-10T15:43:05+00:00\" \/>\n<meta name=\"twitter:card\" content=\"summary_large_image\" \/>\n<script type=\"application\/ld+json\" class=\"yoast-schema-graph\">{\"@context\":\"https:\/\/schema.org\",\"@graph\":[{\"@type\":\"WebPage\",\"@id\":\"https:\/\/www.eurobelt.com\/area-cliente\/dibujos-cad\/dibujos-cad-q50\/\",\"url\":\"https:\/\/www.eurobelt.com\/area-cliente\/dibujos-cad\/dibujos-cad-q50\/\",\"name\":\"CAD Drawings - Q50 - Eurobelt\",\"isPartOf\":{\"@id\":\"https:\/\/www.eurobelt.com\/#website\"},\"datePublished\":\"2024-04-09T07:10:27+00:00\",\"dateModified\":\"2025-02-10T15:43:05+00:00\",\"breadcrumb\":{\"@id\":\"https:\/\/www.eurobelt.com\/area-cliente\/dibujos-cad\/dibujos-cad-q50\/#breadcrumb\"},\"inLanguage\":\"en-US\",\"potentialAction\":[{\"@type\":\"ReadAction\",\"target\":[\"https:\/\/www.eurobelt.com\/area-cliente\/dibujos-cad\/dibujos-cad-q50\/\"]}]},{\"@type\":\"BreadcrumbList\",\"@id\":\"https:\/\/www.eurobelt.com\/area-cliente\/dibujos-cad\/dibujos-cad-q50\/#breadcrumb\",\"itemListElement\":[{\"@type\":\"ListItem\",\"position\":1,\"name\":\"Portada\",\"item\":\"https:\/\/www.eurobelt.com\/en\/start\/\"},{\"@type\":\"ListItem\",\"position\":2,\"name\":\"Customer Area\",\"item\":\"https:\/\/www.eurobelt.com\/en\/customer-area\/\"},{\"@type\":\"ListItem\",\"position\":3,\"name\":\"CAD Drawings\",\"item\":\"https:\/\/www.eurobelt.com\/en\/customer-area\/cad-drawings\/\"},{\"@type\":\"ListItem\",\"position\":4,\"name\":\"CAD Drawings &#8211; Q50\"}]},{\"@type\":\"WebSite\",\"@id\":\"https:\/\/www.eurobelt.com\/#website\",\"url\":\"https:\/\/www.eurobelt.com\/\",\"name\":\"Eurobelt\",\"description\":\"\",\"publisher\":{\"@id\":\"https:\/\/www.eurobelt.com\/#organization\"},\"potentialAction\":[{\"@type\":\"SearchAction\",\"target\":{\"@type\":\"EntryPoint\",\"urlTemplate\":\"https:\/\/www.eurobelt.com\/?s={search_term_string}\"},\"query-input\":{\"@type\":\"PropertyValueSpecification\",\"valueRequired\":true,\"valueName\":\"search_term_string\"}}],\"inLanguage\":\"en-US\"},{\"@type\":\"Organization\",\"@id\":\"https:\/\/www.eurobelt.com\/#organization\",\"name\":\"Eurobelt\",\"url\":\"https:\/\/www.eurobelt.com\/\",\"logo\":{\"@type\":\"ImageObject\",\"inLanguage\":\"en-US\",\"@id\":\"https:\/\/www.eurobelt.com\/#\/schema\/logo\/image\/\",\"url\":\"https:\/\/www.eurobelt.com\/wp-content\/uploads\/2025\/10\/logo_web.jpg\",\"contentUrl\":\"https:\/\/www.eurobelt.com\/wp-content\/uploads\/2025\/10\/logo_web.jpg\",\"width\":458,\"height\":135,\"caption\":\"Eurobelt\"},\"image\":{\"@id\":\"https:\/\/www.eurobelt.com\/#\/schema\/logo\/image\/\"},\"sameAs\":[\"https:\/\/www.linkedin.com\/eurobelt\/\"]}]}<\/script>\n<!-- \/ Yoast SEO plugin. -->","yoast_head_json":{"title":"CAD Drawings - Q50 - Eurobelt","robots":{"index":"index","follow":"follow","max-snippet":"max-snippet:-1","max-image-preview":"max-image-preview:large","max-video-preview":"max-video-preview:-1"},"canonical":"https:\/\/www.eurobelt.com\/area-cliente\/dibujos-cad\/dibujos-cad-q50\/","og_locale":"en_US","og_type":"article","og_title":"CAD Drawings - Q50 - Eurobelt","og_description":"This content is restricted to site members. If you are an existing user, please log in. New users may register below.Existing Users Log InUsername or EmailPassword&nbsp;Remember Me&nbsp;&nbsp;Forgot password?&nbsp;Click here to resetNew User RegistrationChoose a Username*Email*First Name*Company*Departamento*GerenciaT\u00e9cnicoComprasFinancieroMantenimientoOtrosActivityUsuarioFabricanteIngenieriaRevendedorSectorAddress 1*CIFCity*State*Zip*Country*Day Phone* He le\u00eddo y acepto la pol\u00edtica de protecci\u00f3n de datos*Acepto el env\u00edo de informaci\u00f3n relativa a nuestros [&hellip;]","og_url":"https:\/\/www.eurobelt.com\/area-cliente\/dibujos-cad\/dibujos-cad-q50\/","og_site_name":"Eurobelt","article_modified_time":"2025-02-10T15:43:05+00:00","twitter_card":"summary_large_image","schema":{"@context":"https:\/\/schema.org","@graph":[{"@type":"WebPage","@id":"https:\/\/www.eurobelt.com\/area-cliente\/dibujos-cad\/dibujos-cad-q50\/","url":"https:\/\/www.eurobelt.com\/area-cliente\/dibujos-cad\/dibujos-cad-q50\/","name":"CAD Drawings - Q50 - Eurobelt","isPartOf":{"@id":"https:\/\/www.eurobelt.com\/#website"},"datePublished":"2024-04-09T07:10:27+00:00","dateModified":"2025-02-10T15:43:05+00:00","breadcrumb":{"@id":"https:\/\/www.eurobelt.com\/area-cliente\/dibujos-cad\/dibujos-cad-q50\/#breadcrumb"},"inLanguage":"en-US","potentialAction":[{"@type":"ReadAction","target":["https:\/\/www.eurobelt.com\/area-cliente\/dibujos-cad\/dibujos-cad-q50\/"]}]},{"@type":"BreadcrumbList","@id":"https:\/\/www.eurobelt.com\/area-cliente\/dibujos-cad\/dibujos-cad-q50\/#breadcrumb","itemListElement":[{"@type":"ListItem","position":1,"name":"Portada","item":"https:\/\/www.eurobelt.com\/en\/start\/"},{"@type":"ListItem","position":2,"name":"Customer Area","item":"https:\/\/www.eurobelt.com\/en\/customer-area\/"},{"@type":"ListItem","position":3,"name":"CAD Drawings","item":"https:\/\/www.eurobelt.com\/en\/customer-area\/cad-drawings\/"},{"@type":"ListItem","position":4,"name":"CAD Drawings &#8211; Q50"}]},{"@type":"WebSite","@id":"https:\/\/www.eurobelt.com\/#website","url":"https:\/\/www.eurobelt.com\/","name":"Eurobelt","description":"","publisher":{"@id":"https:\/\/www.eurobelt.com\/#organization"},"potentialAction":[{"@type":"SearchAction","target":{"@type":"EntryPoint","urlTemplate":"https:\/\/www.eurobelt.com\/?s={search_term_string}"},"query-input":{"@type":"PropertyValueSpecification","valueRequired":true,"valueName":"search_term_string"}}],"inLanguage":"en-US"},{"@type":"Organization","@id":"https:\/\/www.eurobelt.com\/#organization","name":"Eurobelt","url":"https:\/\/www.eurobelt.com\/","logo":{"@type":"ImageObject","inLanguage":"en-US","@id":"https:\/\/www.eurobelt.com\/#\/schema\/logo\/image\/","url":"https:\/\/www.eurobelt.com\/wp-content\/uploads\/2025\/10\/logo_web.jpg","contentUrl":"https:\/\/www.eurobelt.com\/wp-content\/uploads\/2025\/10\/logo_web.jpg","width":458,"height":135,"caption":"Eurobelt"},"image":{"@id":"https:\/\/www.eurobelt.com\/#\/schema\/logo\/image\/"},"sameAs":["https:\/\/www.linkedin.com\/eurobelt\/"]}]}},"_links":{"self":[{"href":"https:\/\/www.eurobelt.com\/en\/wp-json\/wp\/v2\/pages\/2685","targetHints":{"allow":["GET"]}}],"collection":[{"href":"https:\/\/www.eurobelt.com\/en\/wp-json\/wp\/v2\/pages"}],"about":[{"href":"https:\/\/www.eurobelt.com\/en\/wp-json\/wp\/v2\/types\/page"}],"author":[{"embeddable":true,"href":"https:\/\/www.eurobelt.com\/en\/wp-json\/wp\/v2\/users\/1"}],"replies":[{"embeddable":true,"href":"https:\/\/www.eurobelt.com\/en\/wp-json\/wp\/v2\/comments?post=2685"}],"version-history":[{"count":2,"href":"https:\/\/www.eurobelt.com\/en\/wp-json\/wp\/v2\/pages\/2685\/revisions"}],"predecessor-version":[{"id":9897,"href":"https:\/\/www.eurobelt.com\/en\/wp-json\/wp\/v2\/pages\/2685\/revisions\/9897"}],"up":[{"embeddable":true,"href":"https:\/\/www.eurobelt.com\/en\/wp-json\/wp\/v2\/pages\/2655"}],"wp:attachment":[{"href":"https:\/\/www.eurobelt.com\/en\/wp-json\/wp\/v2\/media?parent=2685"}],"curies":[{"name":"wp","href":"https:\/\/api.w.org\/{rel}","templated":true}]}}