{"id":2534,"date":"2024-03-26T15:38:15","date_gmt":"2024-03-26T13:38:15","guid":{"rendered":"https:\/\/www.eurobelt.com\/travailler-avec-nous\/"},"modified":"2024-09-10T14:50:04","modified_gmt":"2024-09-10T14:50:04","slug":"travailler-avec-nous","status":"publish","type":"page","link":"https:\/\/www.eurobelt.com\/fr\/travailler-avec-nous\/","title":{"rendered":"Travailler avec nous"},"content":{"rendered":"\n<section class=\"wp-block-microbio-blocks-section child-default section-align-center section-bg  section-ramp section-bg-ramp-theme alignfull\" style=\"padding-top:var(--wp--preset--spacing--space-lg);padding-bottom:var(--wp--preset--spacing--space-lg);--min-height:70vh;--min-height-mobile:0;--img:url('https:\/\/www.eurobelt.com\/wp-content\/uploads\/2024\/08\/DSC_6855-scaled.jpg');--img-mobile:url('https:\/\/www.eurobelt.com\/wp-content\/uploads\/2024\/08\/DSC_6855-scaled.jpg');--focal:63% 81%;--focal-mobile:63% 81%\" data-animation-enter=\"alpha\">\n<h1 class=\"wp-block-heading has-text-align-center has-white-color has-text-color has-link-color wp-elements-610b92eee4b10fa75d4beec201eabec5\">Venez rejoindre notre \u00e9quipe<\/h1>\n\n\n\n<p class=\"has-text-align-center mt-1rem has-white-color has-text-color has-link-color wp-elements-6d086371d146b09031474da8405b90ab\">D\u00e9veloppez votre carri\u00e8re professionnelle avec nous et explorez les possibilit\u00e9s de croissance<\/p>\n<\/section>\n\n<section class=\"wp-block-microbio-blocks-section has-grey-light-2-background-color has-background child-wide section-align-center  alignfull\" style=\"padding-top:var(--wp--preset--spacing--space-xl);padding-bottom:var(--wp--preset--spacing--space-xl);--min-height:0;--min-height-mobile:0;--img:url('');--img-mobile:url('');--focal:50% 50%;--focal-mobile:50% 50%\" data-animation-enter=\"alpha\">\n<p class=\"has-text-align-center has-heading-font-family has-heading-4-font-size\">Chez Eurobelt, nous pensons que la r\u00e9ussite passe par la constitution de la meilleure \u00e9quipe. Notre culture d&rsquo;entreprise est bas\u00e9e sur l&rsquo;innovation, le travail d&rsquo;\u00e9quipe et l&rsquo;am\u00e9lioration constante. Rejoignez-nous et pr\u00e9parez-vous \u00e0 vivre une croissance professionnelle continue: relevez des d\u00e9fis, r\u00e9solvez des probl\u00e8mes et contribuez au d\u00e9veloppement de solutions de transport qui aident chaque jour les industries du monde entier.<\/p>\n<\/section>\n\n<section class=\"wp-block-microbio-blocks-section child-wide section-align-center  alignfull\" style=\"padding-top:var(--wp--preset--spacing--space-lg);padding-bottom:var(--wp--preset--spacing--space-lg);--min-height:0;--min-height-mobile:0;--img:url('');--img-mobile:url('');--focal:50% 50%;--focal-mobile:50% 50%\" data-animation-enter=\"alpha\">\n<div class=\"wp-block-microbio-blocks-grid  grid-align-stretch grid-gap-none\">\n<div class=\"wp-block-microbio-blocks-grid-cell  grid-row-1 grid-column-6 grid-column-mobile-4 img-content-section--img\" style=\"--mobile-order:\">\n<figure class=\"wp-block-image size-large w-100\"><img loading=\"lazy\" decoding=\"async\" width=\"1024\" height=\"683\" src=\"https:\/\/www.eurobelt.com\/wp-content\/uploads\/2024\/05\/coworkers-engineer-working-on-modern-cad-program-2023-11-27-04-52-42-utc-1024x683.webp\" alt=\"\" class=\"wp-image-1776\" srcset=\"https:\/\/www.eurobelt.com\/wp-content\/uploads\/2024\/05\/coworkers-engineer-working-on-modern-cad-program-2023-11-27-04-52-42-utc-1024x683.webp 1024w, https:\/\/www.eurobelt.com\/wp-content\/uploads\/2024\/05\/coworkers-engineer-working-on-modern-cad-program-2023-11-27-04-52-42-utc-300x200.webp 300w, https:\/\/www.eurobelt.com\/wp-content\/uploads\/2024\/05\/coworkers-engineer-working-on-modern-cad-program-2023-11-27-04-52-42-utc-768x512.webp 768w, https:\/\/www.eurobelt.com\/wp-content\/uploads\/2024\/05\/coworkers-engineer-working-on-modern-cad-program-2023-11-27-04-52-42-utc-1536x1024.webp 1536w, https:\/\/www.eurobelt.com\/wp-content\/uploads\/2024\/05\/coworkers-engineer-working-on-modern-cad-program-2023-11-27-04-52-42-utc.webp 1920w\" sizes=\"auto, (max-width: 1024px) 100vw, 1024px\" \/><\/figure>\n<\/div>\n\n\n\n<div class=\"wp-block-microbio-blocks-grid-cell  grid-row-1 grid-column-6 grid-column-mobile-4 img-content-section--content has-grey-light-2-background-color has-background\" style=\"--mobile-order:\">\n<div class=\"wp-block-group is-layout-constrained wp-block-group-is-layout-constrained\">\n<h2 class=\"wp-block-heading\"><mark style=\"background-color:rgba(0, 0, 0, 0)\" class=\"has-inline-color has-secondary-color\">Innovation <\/mark> constante<\/h2>\n\n\n\n<p>L&rsquo;innovation n&rsquo;est pas qu&rsquo;un mot, c&rsquo;est un engagement quotidien qui stimule notre croissance. De la conception de nos bandes transporteuses \u00e0 la mise en \u0153uvre de technologies de pointe, vous serez immerg\u00e9 dans un environnement d&rsquo;innovation constante. Saisissez l&rsquo;opportunit\u00e9 de travailler sur des projets de tapis transporteuses de pointe.<\/p>\n<\/div>\n<\/div>\n<\/div>\n\n\n\n<div class=\"wp-block-microbio-blocks-grid  grid-align-stretch grid-gap-none\" style=\"margin-top:var(--wp--preset--spacing--space-m)\">\n<div class=\"wp-block-microbio-blocks-grid-cell  grid-row-1 grid-column-6 grid-column-mobile-4 img-content-section--content has-grey-light-2-background-color has-background\" style=\"--mobile-order:\">\n<div class=\"wp-block-group is-layout-constrained wp-block-group-is-layout-constrained\">\n<h2 class=\"wp-block-heading\">\u00c9quipe <mark style=\"background-color:rgba(0, 0, 0, 0)\" class=\"has-inline-color has-secondary-color\">global<\/mark><\/h2>\n\n\n\n<p>Rejoindre Eurobelt, c&rsquo;est faire partie d&rsquo;une \u00e9quipe internationale qui transcende les fronti\u00e8res et les cultures. L&rsquo;exp\u00e9rience du travail au sein d&rsquo;une \u00e9quipe mondiale vous donnera une perspective unique et enrichissante, \u00e9largissant vos horizons professionnels et personnels. Nous croyons que la diversit\u00e9 est la cl\u00e9 pour surmonter les d\u00e9fis et atteindre le succ\u00e8s collectif, c&rsquo;est pourquoi nos processus de s\u00e9lection sont bas\u00e9s sur le principe de non-discrimination, en cherchant toujours \u00e0 offrir des opportunit\u00e9s aux groupes sous-repr\u00e9sent\u00e9s, comme indiqu\u00e9 dans le Plan d&rsquo;\u00e9galit\u00e9 I d&rsquo;Afher Eurobelt, S.A.<\/p>\n<\/div>\n<\/div>\n\n\n\n<div class=\"wp-block-microbio-blocks-grid-cell  grid-row-1 grid-column-6 grid-column-mobile-4 img-content-section--img\" style=\"--mobile-order:\">\n<figure class=\"wp-block-image size-large w-100\"><img loading=\"lazy\" decoding=\"async\" width=\"1024\" height=\"683\" src=\"https:\/\/www.eurobelt.com\/wp-content\/uploads\/2024\/05\/software-engineers-working-on-project-and-programm-2024-04-03-20-08-20-utc-1024x683.webp\" alt=\"\" class=\"wp-image-1780\" srcset=\"https:\/\/www.eurobelt.com\/wp-content\/uploads\/2024\/05\/software-engineers-working-on-project-and-programm-2024-04-03-20-08-20-utc-1024x683.webp 1024w, https:\/\/www.eurobelt.com\/wp-content\/uploads\/2024\/05\/software-engineers-working-on-project-and-programm-2024-04-03-20-08-20-utc-300x200.webp 300w, https:\/\/www.eurobelt.com\/wp-content\/uploads\/2024\/05\/software-engineers-working-on-project-and-programm-2024-04-03-20-08-20-utc-768x512.webp 768w, https:\/\/www.eurobelt.com\/wp-content\/uploads\/2024\/05\/software-engineers-working-on-project-and-programm-2024-04-03-20-08-20-utc-1536x1025.webp 1536w, https:\/\/www.eurobelt.com\/wp-content\/uploads\/2024\/05\/software-engineers-working-on-project-and-programm-2024-04-03-20-08-20-utc.webp 1920w\" sizes=\"auto, (max-width: 1024px) 100vw, 1024px\" \/><\/figure>\n<\/div>\n<\/div>\n\n\n\n<div class=\"wp-block-microbio-blocks-grid  grid-align-stretch grid-gap-none\" style=\"margin-top:var(--wp--preset--spacing--space-m)\">\n<div class=\"wp-block-microbio-blocks-grid-cell  grid-row-1 grid-column-6 grid-column-mobile-4 img-content-section--img\" style=\"--mobile-order:\">\n<figure class=\"wp-block-image size-large w-100\"><img loading=\"lazy\" decoding=\"async\" width=\"1024\" height=\"683\" src=\"https:\/\/www.eurobelt.com\/wp-content\/uploads\/2024\/05\/group-of-young-businesspeople-working-together-at-2023-11-27-05-34-46-utc-1024x683.webp\" alt=\"\" class=\"wp-image-1784\" srcset=\"https:\/\/www.eurobelt.com\/wp-content\/uploads\/2024\/05\/group-of-young-businesspeople-working-together-at-2023-11-27-05-34-46-utc-1024x683.webp 1024w, https:\/\/www.eurobelt.com\/wp-content\/uploads\/2024\/05\/group-of-young-businesspeople-working-together-at-2023-11-27-05-34-46-utc-300x200.webp 300w, https:\/\/www.eurobelt.com\/wp-content\/uploads\/2024\/05\/group-of-young-businesspeople-working-together-at-2023-11-27-05-34-46-utc-768x512.webp 768w, https:\/\/www.eurobelt.com\/wp-content\/uploads\/2024\/05\/group-of-young-businesspeople-working-together-at-2023-11-27-05-34-46-utc-1536x1025.webp 1536w, https:\/\/www.eurobelt.com\/wp-content\/uploads\/2024\/05\/group-of-young-businesspeople-working-together-at-2023-11-27-05-34-46-utc.webp 1920w\" sizes=\"auto, (max-width: 1024px) 100vw, 1024px\" \/><\/figure>\n<\/div>\n\n\n\n<div class=\"wp-block-microbio-blocks-grid-cell  grid-row-1 grid-column-6 grid-column-mobile-4 img-content-section--content has-grey-light-2-background-color has-background\" style=\"--mobile-order:\">\n<div class=\"wp-block-group is-layout-constrained wp-block-group-is-layout-constrained\">\n<h2 class=\"wp-block-heading\"><mark style=\"background-color:rgba(0, 0, 0, 0)\" class=\"has-inline-color has-secondary-color\">R\u00e9ussite <\/mark> partag\u00e9e<\/h2>\n\n\n\n<p>Nous recherchons une r\u00e9ussite partag\u00e9e qui anime chaque membre de notre \u00e9quipe. Ici, votre contribution est importante et votre croissance professionnelle est aussi notre r\u00e9ussite. Vous participerez \u00e0 des projets stimulants qui vous permettront de d\u00e9velopper et d&rsquo;atteindre de nouveaux objectifs.<\/p>\n<\/div>\n<\/div>\n<\/div>\n<\/section>\n\n<section class=\"wp-block-microbio-blocks-section child-wide section-align-center  alignfull\" style=\"padding-top:0;padding-bottom:var(--wp--preset--spacing--space-lg);--min-height:0;--min-height-mobile:0;--img:url('');--img-mobile:url('');--focal:50% 50%;--focal-mobile:50% 50%\" data-animation-enter=\"alpha\">\n<div class=\"wp-block-microbio-blocks-grid  grid-align-start grid-gap-sm base-card has-secondary-dark-background-color has-background\">\n<div class=\"wp-block-microbio-blocks-grid-cell grid-row-1 grid-column-3 grid-column-mobile-4\" style=\"--mobile-order:\"><\/div>\n\n\n\n<div class=\"wp-block-microbio-blocks-grid-cell  grid-row-1 grid-column-6 grid-column-mobile-4\" style=\"--mobile-order:\">\n<h2 class=\"wp-block-heading has-text-align-center has-white-color has-text-color has-link-color has-heading-3-font-size wp-elements-68313f6a5189b690078ca52eedb41f11\">Pr\u00eat \u00e0 participer au changement? <\/h2>\n\n\n\n<p class=\"has-text-align-center has-white-color has-text-color has-link-color has-body-3-font-size wp-elements-829f51fd4d5a991765aabb4cd30b10a3\" style=\"margin-bottom:var(--wp--preset--spacing--space-xs)\">Remplissez le formulaire et nous vous contacterons dans les plus brefs d\u00e9lais.<\/p>\n\n\n\n<div class=\"wp-block-contact-form-7-contact-form-selector\">\n<div class=\"wpcf7 no-js\" id=\"wpcf7-f3404-o1\" lang=\"fr-FR\" dir=\"ltr\" data-wpcf7-id=\"3404\">\n<div class=\"screen-reader-response\"><p role=\"status\" aria-live=\"polite\" aria-atomic=\"true\"><\/p> <ul><\/ul><\/div>\n<form action=\"\/fr\/wp-json\/wp\/v2\/pages\/2534#wpcf7-f3404-o1\" method=\"post\" class=\"wpcf7-form init\" aria-label=\"Formulaire de contact\" enctype=\"multipart\/form-data\" novalidate=\"novalidate\" data-status=\"init\">\n<fieldset class=\"hidden-fields-container\"><input type=\"hidden\" name=\"_wpcf7\" value=\"3404\" \/><input type=\"hidden\" name=\"_wpcf7_version\" value=\"6.1.5\" \/><input type=\"hidden\" name=\"_wpcf7_locale\" value=\"fr_FR\" \/><input type=\"hidden\" name=\"_wpcf7_unit_tag\" value=\"wpcf7-f3404-o1\" \/><input type=\"hidden\" name=\"_wpcf7_container_post\" value=\"0\" \/><input type=\"hidden\" name=\"_wpcf7_posted_data_hash\" value=\"\" \/><input type=\"hidden\" name=\"_wpcf7_recaptcha_response\" value=\"\" \/>\n<\/fieldset>\n<div class=\"eurobelt-form\">\n<div class=\"two-cols\">\n<label>Nom*\n<span class=\"wpcf7-form-control-wrap\" data-name=\"your-name\"><input size=\"40\" maxlength=\"400\" class=\"wpcf7-form-control wpcf7-text wpcf7-validates-as-required\" autocomplete=\"name\" aria-required=\"true\" aria-invalid=\"false\" placeholder=\"Ind\u00edquez votre nom\" value=\"\" type=\"text\" name=\"your-name\" \/><\/span> <\/label>\n<\/div>\n<label>Email*\n<span class=\"wpcf7-form-control-wrap\" data-name=\"your-email\"><input size=\"40\" maxlength=\"400\" class=\"wpcf7-form-control wpcf7-email wpcf7-validates-as-required wpcf7-text wpcf7-validates-as-email\" autocomplete=\"email\" aria-required=\"true\" aria-invalid=\"false\" placeholder=\"Indiquez votre email\" value=\"\" type=\"email\" name=\"your-email\" \/><\/span><\/label>\n<label>T\u00e9l\u00e9phone<span class=\"wpcf7-form-control-wrap\" data-name=\"tel-67\"><input size=\"40\" maxlength=\"400\" class=\"wpcf7-form-control wpcf7-tel wpcf7-text wpcf7-validates-as-tel\" aria-invalid=\"false\" value=\"\" type=\"tel\" name=\"tel-67\" \/><\/span><\/label>\n<div class=\"two-cols\">\n<div>\n<label>Curr\u00edculum\n<span class=\"wpcf7-form-control-wrap\" data-name=\"file-781\"><input size=\"40\" class=\"wpcf7-form-control wpcf7-file\" accept=\".pdf,.jpg\" aria-invalid=\"false\" type=\"file\" name=\"file-781\" \/><\/span><\/label>\n\n<label>Pourquoi voulez-vous travailler avec nous?\n    <span class=\"wpcf7-form-control-wrap\" data-name=\"your-message\"><textarea cols=\"40\" rows=\"10\" maxlength=\"2000\" class=\"wpcf7-form-control wpcf7-textarea\" aria-invalid=\"false\" placeholder=\"Indiquez-nous \u00e0 quel type de poste voudriez-vous postuler et pourquoi avez-vous pens\u00e9 \u00e0 Eurobelt.\" name=\"your-message\"><\/textarea><\/span><\/label>\n\n<span class=\"wpcf7-form-control-wrap\" data-name=\"acceptance-311\"><span class=\"wpcf7-form-control wpcf7-acceptance\"><span class=\"wpcf7-list-item\"><label><input type=\"checkbox\" name=\"acceptance-311\" value=\"1\" aria-invalid=\"false\" \/><span class=\"wpcf7-list-item-label\">J'ai lu et j'accepte la politique de confidentialit\u00e9 et les mentions l\u00e9gales.<\/span><\/label><\/span><\/span><\/span>\n\n<div class=\"legal-text-form\">\n<p style=\"color:white\">Informations de base sur la protection des donn\u00e9es pour les postulants \u00e0 un emploi chez AFHER EUROBELT SA.<\/p>\n<p style=\"color:white\">Le responsable du fichier des ressources humaines et des traitements qui en d\u00e9coulent est AFHER EUROBELT, S.A. Le traitement des \u00ab candidats \u00bb a pour objet la gestion du processus de s\u00e9lection du personnel de notre entreprise par le biais de la collecte des Curriculum Vitae, leur \u00e9tude et leur classification, la gestion des entretiens d'embauche et, le cas \u00e9ch\u00e9ant, la pr\u00e9paration de la formalisation de la relation de travail avec les personnes choisies.<\/p>\n<p style=\"color:white\">Vous pouvez exercer vos droits d'acc\u00e8s, de rectification, d'annulation, d'opposition et autres droits dans les termes \u00e9tablis dans la r\u00e9glementation en vigueur, ainsi que demander l'envoi d'informations compl\u00e9mentaires sur notre politique de protection des donn\u00e9es par le biais d'une communication \u00e9crite \u00e0 AFHER EUROBELT, S.A., in TOPACIO 41 PI CERRO DE S CRIST 47012 VALLADOLID, E mail : afher@eurobelt.com<\/p>\n<\/div>\n<div><input class=\"wpcf7-form-control wpcf7-submit has-spinner\" type=\"submit\" value=\"Envoyer\" \/><\/div>\n<\/div><\/div>\n<\/div><input type='hidden' class='wpcf7-pum' value='{\"closepopup\":false,\"closedelay\":0,\"openpopup\":false,\"openpopup_id\":0}' \/><div class=\"wpcf7-response-output\" aria-hidden=\"true\"><\/div>\n<\/form>\n<\/div>\n<\/div>\n<\/div>\n<\/div>\n<\/section>\n","protected":false},"excerpt":{"rendered":"","protected":false},"author":1,"featured_media":0,"parent":0,"menu_order":0,"comment_status":"closed","ping_status":"closed","template":"","meta":{"footnotes":""},"class_list":["post-2534","page","type-page","status-publish","hentry"],"yoast_head":"<!-- This site is optimized with the Yoast SEO plugin v27.0 - https:\/\/yoast.com\/product\/yoast-seo-wordpress\/ -->\n<title>Travailler avec nous - Eurobelt<\/title>\n<meta name=\"robots\" content=\"index, follow, max-snippet:-1, max-image-preview:large, max-video-preview:-1\" \/>\n<link rel=\"canonical\" href=\"https:\/\/www.eurobelt.com\/trabaja-con-nosotros\/\" \/>\n<meta property=\"og:locale\" content=\"fr_FR\" \/>\n<meta property=\"og:type\" content=\"article\" \/>\n<meta property=\"og:title\" content=\"Travailler avec nous - Eurobelt\" \/>\n<meta property=\"og:url\" content=\"https:\/\/www.eurobelt.com\/trabaja-con-nosotros\/\" \/>\n<meta property=\"og:site_name\" content=\"Eurobelt\" \/>\n<meta property=\"article:modified_time\" content=\"2024-09-10T14:50:04+00:00\" \/>\n<meta property=\"og:image\" content=\"https:\/\/www.eurobelt.com\/wp-content\/uploads\/2024\/05\/coworkers-engineer-working-on-modern-cad-program-2023-11-27-04-52-42-utc-1024x683.webp\" \/>\n<meta name=\"twitter:card\" content=\"summary_large_image\" \/>\n<meta name=\"twitter:label1\" content=\"Dur\u00e9e de lecture estim\u00e9e\" \/>\n\t<meta name=\"twitter:data1\" content=\"2 minutes\" \/>\n<script type=\"application\/ld+json\" class=\"yoast-schema-graph\">{\"@context\":\"https:\/\/schema.org\",\"@graph\":[{\"@type\":\"WebPage\",\"@id\":\"https:\/\/www.eurobelt.com\/trabaja-con-nosotros\/\",\"url\":\"https:\/\/www.eurobelt.com\/trabaja-con-nosotros\/\",\"name\":\"Travailler avec nous - Eurobelt\",\"isPartOf\":{\"@id\":\"https:\/\/www.eurobelt.com\/#website\"},\"primaryImageOfPage\":{\"@id\":\"https:\/\/www.eurobelt.com\/trabaja-con-nosotros\/#primaryimage\"},\"image\":{\"@id\":\"https:\/\/www.eurobelt.com\/trabaja-con-nosotros\/#primaryimage\"},\"thumbnailUrl\":\"https:\/\/www.eurobelt.com\/wp-content\/uploads\/2024\/05\/coworkers-engineer-working-on-modern-cad-program-2023-11-27-04-52-42-utc-1024x683.webp\",\"datePublished\":\"2024-03-26T13:38:15+00:00\",\"dateModified\":\"2024-09-10T14:50:04+00:00\",\"breadcrumb\":{\"@id\":\"https:\/\/www.eurobelt.com\/trabaja-con-nosotros\/#breadcrumb\"},\"inLanguage\":\"fr-FR\",\"potentialAction\":[{\"@type\":\"ReadAction\",\"target\":[\"https:\/\/www.eurobelt.com\/trabaja-con-nosotros\/\"]}]},{\"@type\":\"ImageObject\",\"inLanguage\":\"fr-FR\",\"@id\":\"https:\/\/www.eurobelt.com\/trabaja-con-nosotros\/#primaryimage\",\"url\":\"https:\/\/www.eurobelt.com\/wp-content\/uploads\/2024\/05\/coworkers-engineer-working-on-modern-cad-program-2023-11-27-04-52-42-utc-1024x683.webp\",\"contentUrl\":\"https:\/\/www.eurobelt.com\/wp-content\/uploads\/2024\/05\/coworkers-engineer-working-on-modern-cad-program-2023-11-27-04-52-42-utc-1024x683.webp\"},{\"@type\":\"BreadcrumbList\",\"@id\":\"https:\/\/www.eurobelt.com\/trabaja-con-nosotros\/#breadcrumb\",\"itemListElement\":[{\"@type\":\"ListItem\",\"position\":1,\"name\":\"Portada\",\"item\":\"https:\/\/www.eurobelt.com\/fr\/\"},{\"@type\":\"ListItem\",\"position\":2,\"name\":\"Travailler avec nous\"}]},{\"@type\":\"WebSite\",\"@id\":\"https:\/\/www.eurobelt.com\/#website\",\"url\":\"https:\/\/www.eurobelt.com\/\",\"name\":\"Eurobelt\",\"description\":\"\",\"publisher\":{\"@id\":\"https:\/\/www.eurobelt.com\/#organization\"},\"potentialAction\":[{\"@type\":\"SearchAction\",\"target\":{\"@type\":\"EntryPoint\",\"urlTemplate\":\"https:\/\/www.eurobelt.com\/?s={search_term_string}\"},\"query-input\":{\"@type\":\"PropertyValueSpecification\",\"valueRequired\":true,\"valueName\":\"search_term_string\"}}],\"inLanguage\":\"fr-FR\"},{\"@type\":\"Organization\",\"@id\":\"https:\/\/www.eurobelt.com\/#organization\",\"name\":\"Eurobelt\",\"url\":\"https:\/\/www.eurobelt.com\/\",\"logo\":{\"@type\":\"ImageObject\",\"inLanguage\":\"fr-FR\",\"@id\":\"https:\/\/www.eurobelt.com\/#\/schema\/logo\/image\/\",\"url\":\"https:\/\/www.eurobelt.com\/wp-content\/uploads\/2025\/10\/logo_web.jpg\",\"contentUrl\":\"https:\/\/www.eurobelt.com\/wp-content\/uploads\/2025\/10\/logo_web.jpg\",\"width\":458,\"height\":135,\"caption\":\"Eurobelt\"},\"image\":{\"@id\":\"https:\/\/www.eurobelt.com\/#\/schema\/logo\/image\/\"},\"sameAs\":[\"https:\/\/www.linkedin.com\/eurobelt\/\"]}]}<\/script>\n<!-- \/ Yoast SEO plugin. -->","yoast_head_json":{"title":"Travailler avec nous - Eurobelt","robots":{"index":"index","follow":"follow","max-snippet":"max-snippet:-1","max-image-preview":"max-image-preview:large","max-video-preview":"max-video-preview:-1"},"canonical":"https:\/\/www.eurobelt.com\/trabaja-con-nosotros\/","og_locale":"fr_FR","og_type":"article","og_title":"Travailler avec nous - Eurobelt","og_url":"https:\/\/www.eurobelt.com\/trabaja-con-nosotros\/","og_site_name":"Eurobelt","article_modified_time":"2024-09-10T14:50:04+00:00","og_image":[{"url":"https:\/\/www.eurobelt.com\/wp-content\/uploads\/2024\/05\/coworkers-engineer-working-on-modern-cad-program-2023-11-27-04-52-42-utc-1024x683.webp","type":"","width":"","height":""}],"twitter_card":"summary_large_image","twitter_misc":{"Dur\u00e9e de lecture estim\u00e9e":"2 minutes"},"schema":{"@context":"https:\/\/schema.org","@graph":[{"@type":"WebPage","@id":"https:\/\/www.eurobelt.com\/trabaja-con-nosotros\/","url":"https:\/\/www.eurobelt.com\/trabaja-con-nosotros\/","name":"Travailler avec nous - Eurobelt","isPartOf":{"@id":"https:\/\/www.eurobelt.com\/#website"},"primaryImageOfPage":{"@id":"https:\/\/www.eurobelt.com\/trabaja-con-nosotros\/#primaryimage"},"image":{"@id":"https:\/\/www.eurobelt.com\/trabaja-con-nosotros\/#primaryimage"},"thumbnailUrl":"https:\/\/www.eurobelt.com\/wp-content\/uploads\/2024\/05\/coworkers-engineer-working-on-modern-cad-program-2023-11-27-04-52-42-utc-1024x683.webp","datePublished":"2024-03-26T13:38:15+00:00","dateModified":"2024-09-10T14:50:04+00:00","breadcrumb":{"@id":"https:\/\/www.eurobelt.com\/trabaja-con-nosotros\/#breadcrumb"},"inLanguage":"fr-FR","potentialAction":[{"@type":"ReadAction","target":["https:\/\/www.eurobelt.com\/trabaja-con-nosotros\/"]}]},{"@type":"ImageObject","inLanguage":"fr-FR","@id":"https:\/\/www.eurobelt.com\/trabaja-con-nosotros\/#primaryimage","url":"https:\/\/www.eurobelt.com\/wp-content\/uploads\/2024\/05\/coworkers-engineer-working-on-modern-cad-program-2023-11-27-04-52-42-utc-1024x683.webp","contentUrl":"https:\/\/www.eurobelt.com\/wp-content\/uploads\/2024\/05\/coworkers-engineer-working-on-modern-cad-program-2023-11-27-04-52-42-utc-1024x683.webp"},{"@type":"BreadcrumbList","@id":"https:\/\/www.eurobelt.com\/trabaja-con-nosotros\/#breadcrumb","itemListElement":[{"@type":"ListItem","position":1,"name":"Portada","item":"https:\/\/www.eurobelt.com\/fr\/"},{"@type":"ListItem","position":2,"name":"Travailler avec nous"}]},{"@type":"WebSite","@id":"https:\/\/www.eurobelt.com\/#website","url":"https:\/\/www.eurobelt.com\/","name":"Eurobelt","description":"","publisher":{"@id":"https:\/\/www.eurobelt.com\/#organization"},"potentialAction":[{"@type":"SearchAction","target":{"@type":"EntryPoint","urlTemplate":"https:\/\/www.eurobelt.com\/?s={search_term_string}"},"query-input":{"@type":"PropertyValueSpecification","valueRequired":true,"valueName":"search_term_string"}}],"inLanguage":"fr-FR"},{"@type":"Organization","@id":"https:\/\/www.eurobelt.com\/#organization","name":"Eurobelt","url":"https:\/\/www.eurobelt.com\/","logo":{"@type":"ImageObject","inLanguage":"fr-FR","@id":"https:\/\/www.eurobelt.com\/#\/schema\/logo\/image\/","url":"https:\/\/www.eurobelt.com\/wp-content\/uploads\/2025\/10\/logo_web.jpg","contentUrl":"https:\/\/www.eurobelt.com\/wp-content\/uploads\/2025\/10\/logo_web.jpg","width":458,"height":135,"caption":"Eurobelt"},"image":{"@id":"https:\/\/www.eurobelt.com\/#\/schema\/logo\/image\/"},"sameAs":["https:\/\/www.linkedin.com\/eurobelt\/"]}]}},"_links":{"self":[{"href":"https:\/\/www.eurobelt.com\/fr\/wp-json\/wp\/v2\/pages\/2534","targetHints":{"allow":["GET"]}}],"collection":[{"href":"https:\/\/www.eurobelt.com\/fr\/wp-json\/wp\/v2\/pages"}],"about":[{"href":"https:\/\/www.eurobelt.com\/fr\/wp-json\/wp\/v2\/types\/page"}],"author":[{"embeddable":true,"href":"https:\/\/www.eurobelt.com\/fr\/wp-json\/wp\/v2\/users\/1"}],"replies":[{"embeddable":true,"href":"https:\/\/www.eurobelt.com\/fr\/wp-json\/wp\/v2\/comments?post=2534"}],"version-history":[{"count":3,"href":"https:\/\/www.eurobelt.com\/fr\/wp-json\/wp\/v2\/pages\/2534\/revisions"}],"predecessor-version":[{"id":4569,"href":"https:\/\/www.eurobelt.com\/fr\/wp-json\/wp\/v2\/pages\/2534\/revisions\/4569"}],"wp:attachment":[{"href":"https:\/\/www.eurobelt.com\/fr\/wp-json\/wp\/v2\/media?parent=2534"}],"curies":[{"name":"wp","href":"https:\/\/api.w.org\/{rel}","templated":true}]}}