{"id":2997,"date":"2024-03-26T12:28:20","date_gmt":"2024-03-26T10:28:20","guid":{"rendered":"https:\/\/www.eurobelt.com\/avis-juridique\/"},"modified":"2025-09-16T10:28:39","modified_gmt":"2025-09-16T08:28:39","slug":"avis-juridique","status":"publish","type":"page","link":"https:\/\/www.eurobelt.com\/fr\/avis-juridique\/","title":{"rendered":"Avis juridique"},"content":{"rendered":"\n<section class=\"wp-block-microbio-blocks-section child-default section-align-center  alignfull\" style=\"padding-top:var(--wp--preset--spacing--space-s);padding-bottom:var(--wp--preset--spacing--space-s);--min-height:0;--min-height-mobile:0;--img:url('');--img-mobile:url('');--focal:50% 50%;--focal-mobile:50% 50%\" data-animation-enter=\"alpha\">\n<h1 class=\"wp-block-heading\">Avis juridique<\/h1>\n\n\n\n<p><em>Conform\u00e9ment \u00e0 la loi 34\/2002, du 11 juillet, sur les services de la soci\u00e9t\u00e9 de l&rsquo;information et le commerce \u00e9lectronique, nous vous informons par la pr\u00e9sente:<\/em><\/p>\n\n\n\n<ol class=\"wp-block-list\">\n<li><strong>Objet.<\/strong><\/li>\n<\/ol>\n\n\n\n<p><em>Le fournisseur de services web<\/em> https:\/\/www.eurobelt.com\/ est AFHER EUROBELT, S.A., dont le si\u00e8ge social est situ\u00e9 \u00e0 C\/ Topacio 41, Pol\u00edgono industrial San Crist\u00f3bal, 47012, Valladolid, CIF n\u00ba A47028436. La soci\u00e9t\u00e9 est inscrite au registre du commerce et des soci\u00e9t\u00e9s du volume 135, livre 96, section 3\u00aa, page 167, feuillet 1364. <\/p>\n\n\n\n<p>Aux fins du pr\u00e9sent document, le num\u00e9ro de t\u00e9l\u00e9phone de contact est 983217480 et l&rsquo;adresse \u00e9lectronique de contact est afherl@eurobelt.com.<\/p>\n\n\n\n<p>Le pr\u00e9sent avis juridique r\u00e9git l&rsquo;utilisation de ce domaine.<\/p>\n\n\n\n<p>L&rsquo;utilisation de ce site web implique l&rsquo;acceptation par l&rsquo;utilisateur des conditions d&rsquo;utilisation incluses dans le pr\u00e9sent avis ainsi que de nos politiques en mati\u00e8re de protection des donn\u00e9es et de la vie priv\u00e9e et de cookies. Si certains services, contenus et\/ou outils offerts par l&rsquo;interm\u00e9diaire de ce \u00ab\u00a0portail\u00a0\u00bb requi\u00e8rent l&rsquo;application de conditions sp\u00e9cifiques, celles-ci seront mises \u00e0 la disposition de l&rsquo;utilisateur.<\/p>\n\n\n\n<p>D&rsquo;autre part, AFHER EUROBELT, S.A. avertit que, tant les contenus et services de cette page web que les propres conditions d&rsquo;utilisation, peuvent \u00eatre modifi\u00e9s sans notification pr\u00e9alable. <\/p>\n\n\n\n<p><strong>2. <\/strong><strong><\/strong><strong>Conditions g\u00e9n\u00e9rales d&rsquo;utilisation.<\/strong><\/p>\n\n\n\n<p>L&rsquo;utilisateur s&rsquo;engage \u00e0 fournir des informations v\u00e9ridiques, exactes et compl\u00e8tes sur son identit\u00e9 dans les sections o\u00f9 l&rsquo;enregistrement est requis pour y acc\u00e9der. En outre, il s&rsquo;engage \u00e0 tenir \u00e0 jour les donn\u00e9es personnelles qu&rsquo;il peut fournir au propri\u00e9taire du domaine, et est donc seul responsable des fausses informations ou des inexactitudes qu&rsquo;il pourrait commettre. <\/p>\n\n\n\n<p>Veuillez noter que si vous \u00eates mineur, vous devez obtenir l&rsquo;autorisation de vos parents, tuteurs ou repr\u00e9sentants l\u00e9gaux pour acc\u00e9der aux services fournis. AFHER EUROBELT, S.A. n&rsquo;est pas responsable dans le cas o\u00f9 les informations \u00e0 ce sujet sont inexactes ou fausses.<\/p>\n\n\n\n<p>Le \u00ab\u00a0portail\u00a0\u00bb ne peut \u00eatre utilis\u00e9 qu&rsquo;\u00e0 des fins l\u00e9gales et, par cons\u00e9quent, l&rsquo;utilisateur s&rsquo;engage \u00e0 faire un usage licite et honn\u00eate du portail et conform\u00e9ment aux pr\u00e9sentes conditions g\u00e9n\u00e9rales d&rsquo;utilisation, \u00e0 ne pas utiliser les services du \u00ab\u00a0portail\u00a0\u00bb pour r\u00e9aliser des activit\u00e9s contraires \u00e0 la l\u00e9gislation espagnole, \u00e0 la morale et \u00e0 l&rsquo;ordre public, et assume toute responsabilit\u00e9 pour les dommages caus\u00e9s au propri\u00e9taire du domaine ou \u00e0 des tiers qui pourraient r\u00e9sulter de pratiques ill\u00e9gales ou inadmissibles, y compris, mais sans s&rsquo;y limiter, ce qui suit: <\/p>\n\n\n\n<p>Effectuer toute manipulation ou alt\u00e9ration de cette page sans l&rsquo;accord pr\u00e9alable du propri\u00e9taire du domaine, ce dernier n&rsquo;assumant aucune responsabilit\u00e9 pouvant d\u00e9couler d&rsquo;une telle manipulation ou alt\u00e9ration par des tiers.<\/p>\n\n\n\n<p>R\u00e9aliser tout acte susceptible d&rsquo;endommager, de rendre inutilisable, de surcharger ou de d\u00e9t\u00e9riorer le portail et les services et\/ou d&rsquo;en emp\u00eacher l&rsquo;utilisation normale par les utilisateurs<\/p>\n\n\n\n<p>Introduire et\/ou utiliser des programmes informatiques, des donn\u00e9es, des fichiers d\u00e9fectueux, des virus, des codes malveillants, des \u00e9quipements informatiques ou de t\u00e9l\u00e9communication ou autres, quelle que soit leur nature, susceptibles de causer des dommages au Portail, \u00e0 l&rsquo;un des services ou aux actifs (physiques ou logiques) des syst\u00e8mes d&rsquo;information du propri\u00e9taire du domaine. <\/p>\n\n\n\n<p>Violer les droits des tiers \u00e0 la vie priv\u00e9e, \u00e0 l&rsquo;image de soi, \u00e0 la protection des donn\u00e9es, au secret des communications, \u00e0 la propri\u00e9t\u00e9 intellectuelle et industrielle.<\/p>\n\n\n\n<p>Cacher et usurper l&rsquo;origine des courriels. <\/p>\n\n\n\n<p>Utiliser de fausses identit\u00e9s, usurper l&rsquo;identit\u00e9 d&rsquo;autres personnes lors de l&rsquo;utilisation du portail ou de l&rsquo;un de ses services.<\/p>\n\n\n\n<p>Reproduire, distribuer, modifier ou copier le contenu de cette page, sauf si vous avez l&rsquo;autorisation du propri\u00e9taire du domaine ou si vous \u00eates l\u00e9galement autoris\u00e9 \u00e0 le faire. <\/p>\n\n\n\n<p>Transmettre les noms d&rsquo;utilisateur et les mots de passe \u00e0 des tiers non autoris\u00e9s.<\/p>\n\n\n\n<p>AFHER EUROBELT, S.A. n&rsquo;est pas responsable des liens (LINKS) vers d&rsquo;autres pages Internet de tiers et leur existence n&rsquo;implique pas qu&rsquo;AFHER EUROBELT, S.A. approuve ou accepte leurs contenus et services. Ces autres sites web ne sont pas contr\u00f4l\u00e9s par AFHER EUROBELT, S.A. et ne sont pas couverts par la pr\u00e9sente politique de confidentialit\u00e9. Si vous acc\u00e9dez \u00e0 d&rsquo;autres sites web en utilisant les liens fournis, les op\u00e9rateurs de ces sites peuvent collecter vos informations personnelles. Veuillez vous assurer que vous \u00eates d&rsquo;accord avec les politiques de confidentialit\u00e9 de ces sites web tiers avant de fournir des informations personnelles.<\/p>\n\n\n\n<p>En g\u00e9n\u00e9ral, le titulaire du domaine exclut sa responsabilit\u00e9 pour les dommages de toute nature pouvant d\u00e9couler de l&rsquo;utilisation du site web, ainsi que pour les dommages d\u00e9coulant de la violation des droits de propri\u00e9t\u00e9 intellectuelle et industrielle par les utilisateurs et\/ou du manque de v\u00e9racit\u00e9, d&rsquo;exactitude et d&rsquo;actualit\u00e9 des contenus, et ne peut \u00eatre tenu pour responsable de l&rsquo;interruption du service, du mauvais fonctionnement ou de l&rsquo;impossibilit\u00e9 d&rsquo;acc\u00e9der au service.<\/p>\n\n\n\n<p>Le propri\u00e9taire du domaine n&rsquo;est pas responsable des dommages caus\u00e9s par la pr\u00e9sence de virus ou de tout autre logiciel nuisible susceptible de provoquer des alt\u00e9rations dans le syst\u00e8me informatique de l&rsquo;utilisateur. <\/p>\n\n\n\n<p>Le site web, y compris, mais sans s&rsquo;y limiter, sa programmation, ses conceptions, ses logos, ses textes et\/ou ses graphiques sont la propri\u00e9t\u00e9 du fournisseur ou, le cas \u00e9ch\u00e9ant, font l&rsquo;objet d&rsquo;une licence ou d&rsquo;une autorisation expresse de la part des auteurs. <\/p>\n\n\n\n<p>Quelle que soit la finalit\u00e9 poursuivie, la reproduction, l&rsquo;utilisation, l&rsquo;exploitation, la distribution et la commercialisation, totales ou partielles, n\u00e9cessitent dans tous les cas l&rsquo;autorisation \u00e9crite pr\u00e9alable du propri\u00e9taire du domaine. <\/p>\n\n\n\n<p>L&rsquo;utilisateur s&rsquo;engage \u00e0 n&rsquo;effectuer aucun acte contre les droits de propri\u00e9t\u00e9 intellectuelle ou industrielle de l&rsquo;auteur.<\/p>\n\n\n\n<p>Le fournisseur de services web autorise express\u00e9ment les tiers \u00e0 rediriger directement vers les contenus sp\u00e9cifiques du site web, et doit en tout \u00e9tat de cause rediriger vers le site web principal du fournisseur.<\/p>\n\n\n\n<ol class=\"wp-block-list\" start=\"3\">\n<li><strong>Utilisation de cookies<\/strong><\/li>\n<\/ol>\n\n\n\n<p>AFHER EUROBELT, S.A., en tant que prestataire de services de ce site web, d\u00e9clare utiliser des proc\u00e9dures automatiques de collecte d&rsquo;informations pour tenir le registre des utilisateurs qui visitent son site web. Cliquez ici pour acc\u00e9der en <a href=\"https:\/\/www.eurobelt.com\/fr\/politica-de-cookies\/\" data-type=\"page\" data-id=\"627\">notre politique de cookies<\/a>.<\/p>\n\n\n\n<ol class=\"wp-block-list\" start=\"4\">\n<li><strong> Protection des donn\u00e9es<\/strong><\/li>\n<\/ol>\n\n\n\n<p>Vous pouvez consulter notre politique de protection des donn\u00e9es personnelles dans la <a href=\"https:\/\/www.eurobelt.com\/fr\/politica-de-proteccion-de-datos\/\" data-type=\"page\" data-id=\"628\">section suivante<\/a>.<\/p>\n\n\n\n<ol class=\"wp-block-list\" start=\"5\">\n<li><strong>L\u00e9gislation applicable<\/strong><\/li>\n<\/ol>\n\n\n\n<p>Les pr\u00e9sentes conditions g\u00e9n\u00e9rales d&rsquo;utilisation sont r\u00e9gies \u00e0 tout moment par les dispositions du droit espagnol. <\/p>\n<\/section>\n","protected":false},"excerpt":{"rendered":"","protected":false},"author":1,"featured_media":0,"parent":0,"menu_order":0,"comment_status":"closed","ping_status":"closed","template":"alpha-no-header","meta":{"footnotes":""},"class_list":["post-2997","page","type-page","status-publish","hentry"],"yoast_head":"<!-- This site is optimized with the Yoast SEO plugin v27.0 - https:\/\/yoast.com\/product\/yoast-seo-wordpress\/ -->\n<title>Avis juridique - Eurobelt<\/title>\n<meta name=\"description\" content=\"Consultez les mentions l\u00e9gales d\u2019Eurobelt: informations juridiques, propri\u00e9t\u00e9 intellectuelle et conditions d\u2019utilisation du site.\" \/>\n<meta name=\"robots\" content=\"index, follow, max-snippet:-1, max-image-preview:large, max-video-preview:-1\" \/>\n<link rel=\"canonical\" href=\"https:\/\/www.eurobelt.com\/fr\/avis-juridique\/\" \/>\n<meta property=\"og:locale\" content=\"fr_FR\" \/>\n<meta property=\"og:type\" content=\"article\" \/>\n<meta property=\"og:title\" content=\"Avis juridique - Eurobelt\" \/>\n<meta property=\"og:description\" content=\"Consultez les mentions l\u00e9gales d\u2019Eurobelt: informations juridiques, propri\u00e9t\u00e9 intellectuelle et conditions d\u2019utilisation du site.\" \/>\n<meta property=\"og:url\" content=\"https:\/\/www.eurobelt.com\/fr\/avis-juridique\/\" \/>\n<meta property=\"og:site_name\" content=\"Eurobelt\" \/>\n<meta property=\"article:modified_time\" content=\"2025-09-16T08:28:39+00:00\" \/>\n<meta name=\"twitter:card\" content=\"summary_large_image\" \/>\n<meta name=\"twitter:label1\" content=\"Dur\u00e9e de lecture estim\u00e9e\" \/>\n\t<meta name=\"twitter:data1\" content=\"5 minutes\" \/>\n<script type=\"application\/ld+json\" class=\"yoast-schema-graph\">{\"@context\":\"https:\/\/schema.org\",\"@graph\":[{\"@type\":\"WebPage\",\"@id\":\"https:\/\/www.eurobelt.com\/fr\/avis-juridique\/\",\"url\":\"https:\/\/www.eurobelt.com\/fr\/avis-juridique\/\",\"name\":\"Avis juridique - Eurobelt\",\"isPartOf\":{\"@id\":\"https:\/\/www.eurobelt.com\/#website\"},\"datePublished\":\"2024-03-26T10:28:20+00:00\",\"dateModified\":\"2025-09-16T08:28:39+00:00\",\"description\":\"Consultez les mentions l\u00e9gales d\u2019Eurobelt: informations juridiques, propri\u00e9t\u00e9 intellectuelle et conditions d\u2019utilisation du site.\",\"breadcrumb\":{\"@id\":\"https:\/\/www.eurobelt.com\/fr\/avis-juridique\/#breadcrumb\"},\"inLanguage\":\"fr-FR\",\"potentialAction\":[{\"@type\":\"ReadAction\",\"target\":[\"https:\/\/www.eurobelt.com\/fr\/avis-juridique\/\"]}]},{\"@type\":\"BreadcrumbList\",\"@id\":\"https:\/\/www.eurobelt.com\/fr\/avis-juridique\/#breadcrumb\",\"itemListElement\":[{\"@type\":\"ListItem\",\"position\":1,\"name\":\"Portada\",\"item\":\"https:\/\/www.eurobelt.com\/fr\/\"},{\"@type\":\"ListItem\",\"position\":2,\"name\":\"Avis juridique\"}]},{\"@type\":\"WebSite\",\"@id\":\"https:\/\/www.eurobelt.com\/#website\",\"url\":\"https:\/\/www.eurobelt.com\/\",\"name\":\"Eurobelt\",\"description\":\"\",\"publisher\":{\"@id\":\"https:\/\/www.eurobelt.com\/#organization\"},\"potentialAction\":[{\"@type\":\"SearchAction\",\"target\":{\"@type\":\"EntryPoint\",\"urlTemplate\":\"https:\/\/www.eurobelt.com\/?s={search_term_string}\"},\"query-input\":{\"@type\":\"PropertyValueSpecification\",\"valueRequired\":true,\"valueName\":\"search_term_string\"}}],\"inLanguage\":\"fr-FR\"},{\"@type\":\"Organization\",\"@id\":\"https:\/\/www.eurobelt.com\/#organization\",\"name\":\"Eurobelt\",\"url\":\"https:\/\/www.eurobelt.com\/\",\"logo\":{\"@type\":\"ImageObject\",\"inLanguage\":\"fr-FR\",\"@id\":\"https:\/\/www.eurobelt.com\/#\/schema\/logo\/image\/\",\"url\":\"https:\/\/www.eurobelt.com\/wp-content\/uploads\/2025\/10\/logo_web.jpg\",\"contentUrl\":\"https:\/\/www.eurobelt.com\/wp-content\/uploads\/2025\/10\/logo_web.jpg\",\"width\":458,\"height\":135,\"caption\":\"Eurobelt\"},\"image\":{\"@id\":\"https:\/\/www.eurobelt.com\/#\/schema\/logo\/image\/\"},\"sameAs\":[\"https:\/\/www.linkedin.com\/eurobelt\/\"]}]}<\/script>\n<!-- \/ Yoast SEO plugin. -->","yoast_head_json":{"title":"Avis juridique - Eurobelt","description":"Consultez les mentions l\u00e9gales d\u2019Eurobelt: informations juridiques, propri\u00e9t\u00e9 intellectuelle et conditions d\u2019utilisation du site.","robots":{"index":"index","follow":"follow","max-snippet":"max-snippet:-1","max-image-preview":"max-image-preview:large","max-video-preview":"max-video-preview:-1"},"canonical":"https:\/\/www.eurobelt.com\/fr\/avis-juridique\/","og_locale":"fr_FR","og_type":"article","og_title":"Avis juridique - Eurobelt","og_description":"Consultez les mentions l\u00e9gales d\u2019Eurobelt: informations juridiques, propri\u00e9t\u00e9 intellectuelle et conditions d\u2019utilisation du site.","og_url":"https:\/\/www.eurobelt.com\/fr\/avis-juridique\/","og_site_name":"Eurobelt","article_modified_time":"2025-09-16T08:28:39+00:00","twitter_card":"summary_large_image","twitter_misc":{"Dur\u00e9e de lecture estim\u00e9e":"5 minutes"},"schema":{"@context":"https:\/\/schema.org","@graph":[{"@type":"WebPage","@id":"https:\/\/www.eurobelt.com\/fr\/avis-juridique\/","url":"https:\/\/www.eurobelt.com\/fr\/avis-juridique\/","name":"Avis juridique - Eurobelt","isPartOf":{"@id":"https:\/\/www.eurobelt.com\/#website"},"datePublished":"2024-03-26T10:28:20+00:00","dateModified":"2025-09-16T08:28:39+00:00","description":"Consultez les mentions l\u00e9gales d\u2019Eurobelt: informations juridiques, propri\u00e9t\u00e9 intellectuelle et conditions d\u2019utilisation du site.","breadcrumb":{"@id":"https:\/\/www.eurobelt.com\/fr\/avis-juridique\/#breadcrumb"},"inLanguage":"fr-FR","potentialAction":[{"@type":"ReadAction","target":["https:\/\/www.eurobelt.com\/fr\/avis-juridique\/"]}]},{"@type":"BreadcrumbList","@id":"https:\/\/www.eurobelt.com\/fr\/avis-juridique\/#breadcrumb","itemListElement":[{"@type":"ListItem","position":1,"name":"Portada","item":"https:\/\/www.eurobelt.com\/fr\/"},{"@type":"ListItem","position":2,"name":"Avis juridique"}]},{"@type":"WebSite","@id":"https:\/\/www.eurobelt.com\/#website","url":"https:\/\/www.eurobelt.com\/","name":"Eurobelt","description":"","publisher":{"@id":"https:\/\/www.eurobelt.com\/#organization"},"potentialAction":[{"@type":"SearchAction","target":{"@type":"EntryPoint","urlTemplate":"https:\/\/www.eurobelt.com\/?s={search_term_string}"},"query-input":{"@type":"PropertyValueSpecification","valueRequired":true,"valueName":"search_term_string"}}],"inLanguage":"fr-FR"},{"@type":"Organization","@id":"https:\/\/www.eurobelt.com\/#organization","name":"Eurobelt","url":"https:\/\/www.eurobelt.com\/","logo":{"@type":"ImageObject","inLanguage":"fr-FR","@id":"https:\/\/www.eurobelt.com\/#\/schema\/logo\/image\/","url":"https:\/\/www.eurobelt.com\/wp-content\/uploads\/2025\/10\/logo_web.jpg","contentUrl":"https:\/\/www.eurobelt.com\/wp-content\/uploads\/2025\/10\/logo_web.jpg","width":458,"height":135,"caption":"Eurobelt"},"image":{"@id":"https:\/\/www.eurobelt.com\/#\/schema\/logo\/image\/"},"sameAs":["https:\/\/www.linkedin.com\/eurobelt\/"]}]}},"_links":{"self":[{"href":"https:\/\/www.eurobelt.com\/fr\/wp-json\/wp\/v2\/pages\/2997","targetHints":{"allow":["GET"]}}],"collection":[{"href":"https:\/\/www.eurobelt.com\/fr\/wp-json\/wp\/v2\/pages"}],"about":[{"href":"https:\/\/www.eurobelt.com\/fr\/wp-json\/wp\/v2\/types\/page"}],"author":[{"embeddable":true,"href":"https:\/\/www.eurobelt.com\/fr\/wp-json\/wp\/v2\/users\/1"}],"replies":[{"embeddable":true,"href":"https:\/\/www.eurobelt.com\/fr\/wp-json\/wp\/v2\/comments?post=2997"}],"version-history":[{"count":2,"href":"https:\/\/www.eurobelt.com\/fr\/wp-json\/wp\/v2\/pages\/2997\/revisions"}],"predecessor-version":[{"id":13301,"href":"https:\/\/www.eurobelt.com\/fr\/wp-json\/wp\/v2\/pages\/2997\/revisions\/13301"}],"wp:attachment":[{"href":"https:\/\/www.eurobelt.com\/fr\/wp-json\/wp\/v2\/media?parent=2997"}],"curies":[{"name":"wp","href":"https:\/\/api.w.org\/{rel}","templated":true}]}}