{"id":3005,"date":"2024-04-08T08:02:52","date_gmt":"2024-04-08T06:02:52","guid":{"rendered":"https:\/\/www.eurobelt.com\/clients\/"},"modified":"2025-07-23T09:21:04","modified_gmt":"2025-07-23T07:21:04","slug":"clients","status":"publish","type":"page","link":"https:\/\/www.eurobelt.com\/fr\/clients\/","title":{"rendered":"Clients"},"content":{"rendered":"\n<section class=\"wp-block-microbio-blocks-section child-default section-align-center section-bg  section-ramp section-bg-ramp-theme alignfull\" style=\"padding-top:var(--wp--preset--spacing--space-lg);padding-bottom:var(--wp--preset--spacing--space-lg);--min-height:50vh;--min-height-mobile:0;--img:url('https:\/\/www.eurobelt.com\/wp-content\/uploads\/2024\/08\/web_3-scaled.jpg');--img-mobile:url('https:\/\/www.eurobelt.com\/wp-content\/uploads\/2024\/08\/web_3-scaled.jpg');--focal:46% 56.00000000000001%;--focal-mobile:46% 56.00000000000001%\" data-animation-enter=\"alpha\">\n<h1 class=\"wp-block-heading has-text-align-center has-white-color has-text-color has-link-color wp-elements-e4092a85cc28dce39a95b6a326740b66\">Espace Clients<\/h1>\n<\/section>\n\n\n\n<section class=\"wp-block-microbio-blocks-section child-default section-align-center  alignfull\" style=\"padding-top:var(--wp--preset--spacing--space-xs);padding-bottom:var(--wp--preset--spacing--space-xs);--min-height:0;--min-height-mobile:0;--img:url('');--img-mobile:url('');--focal:50% 50%;--focal-mobile:50% 50%\" data-animation-enter=\"alpha\">\n<div class=\"wp-block-microbio-blocks-grid  grid-align-start grid-gap-sm\">\n<div class=\"wp-block-microbio-blocks-grid-cell  grid-row-1 grid-column-2 grid-column-mobile-4\" style=\"--mobile-order:\"><\/div>\n\n\n\n<div class=\"wp-block-microbio-blocks-grid-cell  grid-row-1 grid-column-8 grid-column-mobile-4\" style=\"--mobile-order:\"><div id=\"wpmem_login\"><a id=\"login\"><\/a><form action=\"https:\/\/www.eurobelt.com\/fr\/clients\/\" method=\"POST\" id=\"wpmem_login_form\" class=\"form\"><input type=\"hidden\" id=\"_wpmem_login_nonce\" name=\"_wpmem_login_nonce\" value=\"dc9ae98f7b\" \/><input type=\"hidden\" name=\"_wp_http_referer\" value=\"\/fr\/wp-json\/wp\/v2\/pages\/3005\" \/><fieldset><legend>Connexion pour les utilisateurs enregistr\u00e9s<\/legend><label for=\"log\">Identifiant ou e-mail<\/label><div class=\"div_text\"><input name=\"log\" type=\"text\" id=\"log\" value=\"\" class=\"username\" required  \/><\/div><label for=\"pwd\">Mot de passe<\/label><div class=\"div_text\"><input name=\"pwd\" type=\"password\" id=\"pwd\" class=\"password\" required  \/><\/div><input name=\"a\" type=\"hidden\" value=\"login\" \/><input name=\"redirect_to\" type=\"hidden\" value=\"https:\/\/www.eurobelt.com\/fr\/clients\/\" \/><div class=\"button_div\"><input name=\"rememberme\" type=\"checkbox\" id=\"rememberme\" value=\"forever\" \/>&nbsp;<label for=\"rememberme\">Se souvenir de moi<\/label>&nbsp;&nbsp;<input type=\"submit\" name=\"Submit\" value=\"Connexion\" class=\"buttons\" \/><\/div><div class=\"link-text\"><span class=\"link-text-forgot\">Mot de passe oubli\u00e9\u00a0?&nbsp;<a href=\"https:\/\/www.eurobelt.com\/fr\/clients\/?a=pwdreset\">Cliquez ici pour r\u00e9initialiser<\/a><\/span><\/div><\/fieldset><\/form><\/div><div id=\"wpmem_reg\"><a id=\"register\"><\/a><form name=\"form\" method=\"post\" action=\"https:\/\/www.eurobelt.com\/fr\/clients\/\" id=\"wpmem_register_form\" class=\"form\"><input type=\"hidden\" id=\"_wpmem_register_nonce\" name=\"_wpmem_register_nonce\" value=\"25df3de8b8\" \/><input type=\"hidden\" name=\"_wp_http_referer\" value=\"\/fr\/wp-json\/wp\/v2\/pages\/3005\" \/><fieldset><legend>Nouvel utilisateur\u00a0?<\/legend><label for=\"username\" class=\"text\">Choisissez un Nom d\u2019utilisateur<span class=\"req\">*<\/span><\/label><div class=\"div_text\"><input name=\"username\" type=\"text\" id=\"username\" value=\"\" class=\"textbox\" required  \/><\/div><label for=\"user_email\" class=\"text\">Courriel<span class=\"req\">*<\/span><\/label><div class=\"div_text\"><input name=\"user_email\" type=\"email\" id=\"user_email\" value=\"\" class=\"textbox\" required  \/><\/div><label for=\"first_name\" class=\"text\">Pr\u00e9nom<span class=\"req\">*<\/span><\/label><div class=\"div_text\"><input name=\"first_name\" type=\"text\" id=\"first_name\" value=\"\" class=\"textbox\" required  \/><\/div><label for=\"company\" class=\"text\">Company<span class=\"req\">*<\/span><\/label><div class=\"div_text\"><input name=\"company\" type=\"text\" id=\"company\" value=\"\" class=\"textbox\" required  \/><\/div><label for=\"departamento\" class=\"select\">Departamento<span class=\"req\">*<\/span><\/label><div class=\"div_select\"><select name=\"departamento\" id=\"departamento\" class=\"dropdown\" required ><option value=\"\"><\/option><option value=\"gerencia\">Gerencia<\/option><option value=\"tecnico\">T\u00e9cnico<\/option><option value=\"compras\">Compras<\/option><option value=\"financiero\">Financiero<\/option><option value=\"mantenimiento\">Mantenimiento<\/option><option value=\"otros\">Otros<\/option><\/select><\/div><label for=\"actividad\" class=\"select\">Activity<\/label><div class=\"div_select\"><select name=\"actividad\" id=\"actividad\" class=\"dropdown\"><option value=\"\"><\/option><option value=\"usuario\">Usuario<\/option><option value=\"fabricante\">Fabricante<\/option><option value=\"ingenieria\">Ingenieria<\/option><option value=\"revendedor\">Revendedor<\/option><\/select><\/div><label for=\"sector\" class=\"text\">Sector<\/label><div class=\"div_text\"><input name=\"sector\" type=\"text\" id=\"sector\" value=\"\" class=\"textbox\" \/><\/div><label for=\"billing_address_1\" class=\"text\">Adresse 1<span class=\"req\">*<\/span><\/label><div class=\"div_text\"><input name=\"billing_address_1\" type=\"text\" id=\"billing_address_1\" value=\"\" class=\"textbox\" required  \/><\/div><label for=\"cif\" class=\"text\">CIF<\/label><div class=\"div_text\"><input name=\"cif\" type=\"text\" id=\"cif\" value=\"\" class=\"textbox\" \/><\/div><label for=\"billing_city\" class=\"text\">Ville<span class=\"req\">*<\/span><\/label><div class=\"div_text\"><input name=\"billing_city\" type=\"text\" id=\"billing_city\" value=\"\" class=\"textbox\" required  \/><\/div><label for=\"billing_state\" class=\"text\">\u00c9tat<span class=\"req\">*<\/span><\/label><div class=\"div_text\"><input name=\"billing_state\" type=\"text\" id=\"billing_state\" value=\"\" class=\"textbox\" required  \/><\/div><label for=\"billing_postcode\" class=\"text\">Code postal<span class=\"req\">*<\/span><\/label><div class=\"div_text\"><input name=\"billing_postcode\" type=\"text\" id=\"billing_postcode\" value=\"\" class=\"textbox\" required  \/><\/div><label for=\"billing_country\" class=\"text\">Pays<span class=\"req\">*<\/span><\/label><div class=\"div_text\"><input name=\"billing_country\" type=\"text\" id=\"billing_country\" value=\"\" class=\"textbox\" required  \/><\/div><label for=\"phone1\" class=\"text\">T\u00e9l\u00e9phone professionnel<span class=\"req\">*<\/span><\/label><div class=\"div_text\"><input name=\"phone1\" type=\"text\" id=\"phone1\" value=\"\" class=\"textbox\" required  \/><\/div><div class=\"div_text\"><input name=\"tos\" type=\"checkbox\" id=\"tos\" value=\"agree\" required  \/> <a href=\"#\" onClick=\"window.open('\/fr\/wp-json\/wp\/v2\/pages\/3005?tos=display','tos');\">He le\u00eddo y acepto la pol\u00edtica de protecci\u00f3n de datos<\/a><span class=\"req\">*<\/span><\/div><label for=\"PRODINFO\" class=\"checkbox\">Acepto el env\u00edo de informaci\u00f3n relativa a nuestros productos.<\/label><div class=\"div_checkbox\"><input name=\"PRODINFO\" type=\"checkbox\" id=\"PRODINFO\" value=\"agree\" \/><\/div><script src=\"https:\/\/www.google.com\/recaptcha\/api.js?render=6LdYis0ZAAAAAKVY0DND2ukldfzqxp1YiTmfrs1Q\"><\/script><script>grecaptcha.ready(function () {grecaptcha.execute('6LdYis0ZAAAAAKVY0DND2ukldfzqxp1YiTmfrs1Q', { action: 'contact' }).then(function (token) {var recaptchaResponse = document.getElementById('recaptchaResponse');recaptchaResponse.value = token;});});<\/script><input type=\"hidden\" name=\"recaptcha_response\" id=\"recaptchaResponse\"><input name=\"a\" type=\"hidden\" value=\"register\" \/><input name=\"wpmem_reg_page\" type=\"hidden\" value=\"https:\/\/www.eurobelt.com\/fr\/clients\/\" \/><div class=\"button_div\"><input name=\"submit\" type=\"submit\" value=\"S\u2019inscrire\" class=\"buttons\" \/><\/div><div class=\"req-text\"><span class=\"req\">*<\/span>Champ requis<\/div><\/fieldset><\/form><\/div>\n<\/div>\n<\/div>\n<\/section>\n","protected":false},"excerpt":{"rendered":"","protected":false},"author":1,"featured_media":0,"parent":0,"menu_order":0,"comment_status":"closed","ping_status":"closed","template":"","meta":{"footnotes":""},"class_list":["post-3005","page","type-page","status-publish","hentry"],"yoast_head":"<!-- This site is optimized with the Yoast SEO plugin v27.0 - https:\/\/yoast.com\/product\/yoast-seo-wordpress\/ -->\n<title>Espace Client Eurobelt | Acc\u00e8s S\u00e9curis\u00e9 et Assistance<\/title>\n<meta name=\"description\" content=\"Acc\u00e9dez \u00e0 l\u2019espace client Eurobelt pour consulter vos documents, suivre vos projets et obtenir une assistance d\u00e9di\u00e9e sur les bandes modulaires.\" \/>\n<meta name=\"robots\" content=\"index, follow, max-snippet:-1, max-image-preview:large, max-video-preview:-1\" \/>\n<link rel=\"canonical\" href=\"https:\/\/www.eurobelt.com\/fr\/clients\/\" \/>\n<meta property=\"og:locale\" content=\"fr_FR\" \/>\n<meta property=\"og:type\" content=\"article\" \/>\n<meta property=\"og:title\" content=\"Espace Client Eurobelt | Acc\u00e8s S\u00e9curis\u00e9 et Assistance\" \/>\n<meta property=\"og:description\" content=\"Acc\u00e9dez \u00e0 l\u2019espace client Eurobelt pour consulter vos documents, suivre vos projets et obtenir une assistance d\u00e9di\u00e9e sur les bandes modulaires.\" \/>\n<meta property=\"og:url\" content=\"https:\/\/www.eurobelt.com\/fr\/clients\/\" \/>\n<meta property=\"og:site_name\" content=\"Eurobelt\" \/>\n<meta property=\"article:modified_time\" content=\"2025-07-23T07:21:04+00:00\" \/>\n<meta name=\"twitter:card\" content=\"summary_large_image\" \/>\n<meta name=\"twitter:label1\" content=\"Dur\u00e9e de lecture estim\u00e9e\" \/>\n\t<meta name=\"twitter:data1\" content=\"1 minute\" \/>\n<script type=\"application\/ld+json\" class=\"yoast-schema-graph\">{\"@context\":\"https:\/\/schema.org\",\"@graph\":[{\"@type\":\"WebPage\",\"@id\":\"https:\/\/www.eurobelt.com\/fr\/clients\/\",\"url\":\"https:\/\/www.eurobelt.com\/fr\/clients\/\",\"name\":\"Espace Client Eurobelt | Acc\u00e8s S\u00e9curis\u00e9 et Assistance\",\"isPartOf\":{\"@id\":\"https:\/\/www.eurobelt.com\/#website\"},\"datePublished\":\"2024-04-08T06:02:52+00:00\",\"dateModified\":\"2025-07-23T07:21:04+00:00\",\"description\":\"Acc\u00e9dez \u00e0 l\u2019espace client Eurobelt pour consulter vos documents, suivre vos projets et obtenir une assistance d\u00e9di\u00e9e sur les bandes modulaires.\",\"breadcrumb\":{\"@id\":\"https:\/\/www.eurobelt.com\/fr\/clients\/#breadcrumb\"},\"inLanguage\":\"fr-FR\",\"potentialAction\":[{\"@type\":\"ReadAction\",\"target\":[\"https:\/\/www.eurobelt.com\/fr\/clients\/\"]}]},{\"@type\":\"BreadcrumbList\",\"@id\":\"https:\/\/www.eurobelt.com\/fr\/clients\/#breadcrumb\",\"itemListElement\":[{\"@type\":\"ListItem\",\"position\":1,\"name\":\"Portada\",\"item\":\"https:\/\/www.eurobelt.com\/fr\/\"},{\"@type\":\"ListItem\",\"position\":2,\"name\":\"Clients\"}]},{\"@type\":\"WebSite\",\"@id\":\"https:\/\/www.eurobelt.com\/#website\",\"url\":\"https:\/\/www.eurobelt.com\/\",\"name\":\"Eurobelt\",\"description\":\"\",\"publisher\":{\"@id\":\"https:\/\/www.eurobelt.com\/#organization\"},\"potentialAction\":[{\"@type\":\"SearchAction\",\"target\":{\"@type\":\"EntryPoint\",\"urlTemplate\":\"https:\/\/www.eurobelt.com\/?s={search_term_string}\"},\"query-input\":{\"@type\":\"PropertyValueSpecification\",\"valueRequired\":true,\"valueName\":\"search_term_string\"}}],\"inLanguage\":\"fr-FR\"},{\"@type\":\"Organization\",\"@id\":\"https:\/\/www.eurobelt.com\/#organization\",\"name\":\"Eurobelt\",\"url\":\"https:\/\/www.eurobelt.com\/\",\"logo\":{\"@type\":\"ImageObject\",\"inLanguage\":\"fr-FR\",\"@id\":\"https:\/\/www.eurobelt.com\/#\/schema\/logo\/image\/\",\"url\":\"https:\/\/www.eurobelt.com\/wp-content\/uploads\/2025\/10\/logo_web.jpg\",\"contentUrl\":\"https:\/\/www.eurobelt.com\/wp-content\/uploads\/2025\/10\/logo_web.jpg\",\"width\":458,\"height\":135,\"caption\":\"Eurobelt\"},\"image\":{\"@id\":\"https:\/\/www.eurobelt.com\/#\/schema\/logo\/image\/\"},\"sameAs\":[\"https:\/\/www.linkedin.com\/eurobelt\/\"]}]}<\/script>\n<!-- \/ Yoast SEO plugin. -->","yoast_head_json":{"title":"Espace Client Eurobelt | Acc\u00e8s S\u00e9curis\u00e9 et Assistance","description":"Acc\u00e9dez \u00e0 l\u2019espace client Eurobelt pour consulter vos documents, suivre vos projets et obtenir une assistance d\u00e9di\u00e9e sur les bandes modulaires.","robots":{"index":"index","follow":"follow","max-snippet":"max-snippet:-1","max-image-preview":"max-image-preview:large","max-video-preview":"max-video-preview:-1"},"canonical":"https:\/\/www.eurobelt.com\/fr\/clients\/","og_locale":"fr_FR","og_type":"article","og_title":"Espace Client Eurobelt | Acc\u00e8s S\u00e9curis\u00e9 et Assistance","og_description":"Acc\u00e9dez \u00e0 l\u2019espace client Eurobelt pour consulter vos documents, suivre vos projets et obtenir une assistance d\u00e9di\u00e9e sur les bandes modulaires.","og_url":"https:\/\/www.eurobelt.com\/fr\/clients\/","og_site_name":"Eurobelt","article_modified_time":"2025-07-23T07:21:04+00:00","twitter_card":"summary_large_image","twitter_misc":{"Dur\u00e9e de lecture estim\u00e9e":"1 minute"},"schema":{"@context":"https:\/\/schema.org","@graph":[{"@type":"WebPage","@id":"https:\/\/www.eurobelt.com\/fr\/clients\/","url":"https:\/\/www.eurobelt.com\/fr\/clients\/","name":"Espace Client Eurobelt | Acc\u00e8s S\u00e9curis\u00e9 et Assistance","isPartOf":{"@id":"https:\/\/www.eurobelt.com\/#website"},"datePublished":"2024-04-08T06:02:52+00:00","dateModified":"2025-07-23T07:21:04+00:00","description":"Acc\u00e9dez \u00e0 l\u2019espace client Eurobelt pour consulter vos documents, suivre vos projets et obtenir une assistance d\u00e9di\u00e9e sur les bandes modulaires.","breadcrumb":{"@id":"https:\/\/www.eurobelt.com\/fr\/clients\/#breadcrumb"},"inLanguage":"fr-FR","potentialAction":[{"@type":"ReadAction","target":["https:\/\/www.eurobelt.com\/fr\/clients\/"]}]},{"@type":"BreadcrumbList","@id":"https:\/\/www.eurobelt.com\/fr\/clients\/#breadcrumb","itemListElement":[{"@type":"ListItem","position":1,"name":"Portada","item":"https:\/\/www.eurobelt.com\/fr\/"},{"@type":"ListItem","position":2,"name":"Clients"}]},{"@type":"WebSite","@id":"https:\/\/www.eurobelt.com\/#website","url":"https:\/\/www.eurobelt.com\/","name":"Eurobelt","description":"","publisher":{"@id":"https:\/\/www.eurobelt.com\/#organization"},"potentialAction":[{"@type":"SearchAction","target":{"@type":"EntryPoint","urlTemplate":"https:\/\/www.eurobelt.com\/?s={search_term_string}"},"query-input":{"@type":"PropertyValueSpecification","valueRequired":true,"valueName":"search_term_string"}}],"inLanguage":"fr-FR"},{"@type":"Organization","@id":"https:\/\/www.eurobelt.com\/#organization","name":"Eurobelt","url":"https:\/\/www.eurobelt.com\/","logo":{"@type":"ImageObject","inLanguage":"fr-FR","@id":"https:\/\/www.eurobelt.com\/#\/schema\/logo\/image\/","url":"https:\/\/www.eurobelt.com\/wp-content\/uploads\/2025\/10\/logo_web.jpg","contentUrl":"https:\/\/www.eurobelt.com\/wp-content\/uploads\/2025\/10\/logo_web.jpg","width":458,"height":135,"caption":"Eurobelt"},"image":{"@id":"https:\/\/www.eurobelt.com\/#\/schema\/logo\/image\/"},"sameAs":["https:\/\/www.linkedin.com\/eurobelt\/"]}]}},"_links":{"self":[{"href":"https:\/\/www.eurobelt.com\/fr\/wp-json\/wp\/v2\/pages\/3005","targetHints":{"allow":["GET"]}}],"collection":[{"href":"https:\/\/www.eurobelt.com\/fr\/wp-json\/wp\/v2\/pages"}],"about":[{"href":"https:\/\/www.eurobelt.com\/fr\/wp-json\/wp\/v2\/types\/page"}],"author":[{"embeddable":true,"href":"https:\/\/www.eurobelt.com\/fr\/wp-json\/wp\/v2\/users\/1"}],"replies":[{"embeddable":true,"href":"https:\/\/www.eurobelt.com\/fr\/wp-json\/wp\/v2\/comments?post=3005"}],"version-history":[{"count":3,"href":"https:\/\/www.eurobelt.com\/fr\/wp-json\/wp\/v2\/pages\/3005\/revisions"}],"predecessor-version":[{"id":11975,"href":"https:\/\/www.eurobelt.com\/fr\/wp-json\/wp\/v2\/pages\/3005\/revisions\/11975"}],"wp:attachment":[{"href":"https:\/\/www.eurobelt.com\/fr\/wp-json\/wp\/v2\/media?parent=3005"}],"curies":[{"name":"wp","href":"https:\/\/api.w.org\/{rel}","templated":true}]}}