{"id":6969,"date":"2024-10-25T11:55:20","date_gmt":"2024-10-25T09:55:20","guid":{"rendered":"https:\/\/www.eurobelt.com\/espace-clients\/dessins-cao\/dessins-cad-accessoires\/"},"modified":"2025-09-16T10:51:21","modified_gmt":"2025-09-16T08:51:21","slug":"dessins-cad-accessoires","status":"publish","type":"page","link":"https:\/\/www.eurobelt.com\/fr\/espace-clients\/dessins-cao\/dessins-cad-accessoires\/","title":{"rendered":"Dessins CAD &#8211; Accessoires"},"content":{"rendered":"\n<section class=\"wp-block-microbio-blocks-section child-default section-align-center  alignfull\" style=\"padding-top:var(--wp--preset--spacing--space-m);padding-bottom:var(--wp--preset--spacing--space-m);--min-height:0;--min-height-mobile:0;--img:url('');--img-mobile:url('');--focal:50% 50%;--focal-mobile:50% 50%\" data-animation-enter=\"alpha\">\n<h1 class=\"wp-block-heading\">Dessins CAD &#8211; Accessoires communs<\/h1>\n<\/section>\n\n<section class=\"wp-block-microbio-blocks-section child-default section-align-center  alignfull\" style=\"padding-top:var(--wp--preset--spacing--space-s);padding-bottom:var(--wp--preset--spacing--space-s);--min-height:0;--min-height-mobile:0;--img:url('');--img-mobile:url('');--focal:50% 50%;--focal-mobile:50% 50%\" data-animation-enter=\"alpha\">\n<div class=\"wp-block-microbio-blocks-grid  grid-align-start grid-gap-sm\">\n<div class=\"wp-block-microbio-blocks-grid-cell  grid-row-1 grid-column-6 grid-column-mobile-4\" style=\"--mobile-order:\">\n<p><a href=\"\/data\/ACCESORIOS%20COMUNES\/CLU_C38%2C1.STEP\" download=\"\">CLIP DE FIXATION CLU C38,1<\/a><\/p>\n\n\n\n<p><a href=\"\/data\/ACCESORIOS%20COMUNES\/CLU_C40.STEP\" download=\"\">CLIP DE FIXATION CLU C40<\/a><\/p>\n\n\n\n<p><a href=\"\/data\/ACCESORIOS%20COMUNES\/WEARSTRIPS.STEP\" download=\"\">GLISSI\u00c8RES<\/a><\/p>\n<\/div>\n<\/div>\n<\/section>\n\n<p><\/p>\n","protected":false},"excerpt":{"rendered":"","protected":false},"author":1489,"featured_media":0,"parent":2940,"menu_order":0,"comment_status":"closed","ping_status":"closed","template":"","meta":{"footnotes":""},"class_list":["post-6969","page","type-page","status-publish","hentry"],"yoast_head":"<!-- This site is optimized with the Yoast SEO plugin v27.0 - https:\/\/yoast.com\/product\/yoast-seo-wordpress\/ -->\n<title>Dessins CAD - Accessoires - Eurobelt<\/title>\n<meta name=\"description\" content=\"T\u00e9l\u00e9chargez les dessins CAD des accessoires Eurobelt: plans techniques d\u00e9taill\u00e9s pour int\u00e9grer et optimiser vos tapis modulaires.\" \/>\n<meta name=\"robots\" content=\"index, follow, max-snippet:-1, max-image-preview:large, max-video-preview:-1\" \/>\n<link rel=\"canonical\" href=\"https:\/\/www.eurobelt.com\/fr\/espace-clients\/dessins-cao\/dessins-cad-accessoires\/\" \/>\n<meta property=\"og:locale\" content=\"fr_FR\" \/>\n<meta property=\"og:type\" content=\"article\" \/>\n<meta property=\"og:title\" content=\"Dessins CAD - Accessoires - Eurobelt\" \/>\n<meta property=\"og:description\" content=\"T\u00e9l\u00e9chargez les dessins CAD des accessoires Eurobelt: plans techniques d\u00e9taill\u00e9s pour int\u00e9grer et optimiser vos tapis modulaires.\" \/>\n<meta property=\"og:url\" content=\"https:\/\/www.eurobelt.com\/fr\/espace-clients\/dessins-cao\/dessins-cad-accessoires\/\" \/>\n<meta property=\"og:site_name\" content=\"Eurobelt\" \/>\n<meta property=\"article:modified_time\" content=\"2025-09-16T08:51:21+00:00\" \/>\n<meta name=\"twitter:card\" content=\"summary_large_image\" \/>\n<meta name=\"twitter:label1\" content=\"Dur\u00e9e de lecture estim\u00e9e\" \/>\n\t<meta name=\"twitter:data1\" content=\"1 minute\" \/>\n<script type=\"application\/ld+json\" class=\"yoast-schema-graph\">{\"@context\":\"https:\/\/schema.org\",\"@graph\":[{\"@type\":\"WebPage\",\"@id\":\"https:\/\/www.eurobelt.com\/fr\/espace-clients\/dessins-cao\/dessins-cad-accessoires\/\",\"url\":\"https:\/\/www.eurobelt.com\/fr\/espace-clients\/dessins-cao\/dessins-cad-accessoires\/\",\"name\":\"Dessins CAD - Accessoires - Eurobelt\",\"isPartOf\":{\"@id\":\"https:\/\/www.eurobelt.com\/#website\"},\"datePublished\":\"2024-10-25T09:55:20+00:00\",\"dateModified\":\"2025-09-16T08:51:21+00:00\",\"description\":\"T\u00e9l\u00e9chargez les dessins CAD des accessoires Eurobelt: plans techniques d\u00e9taill\u00e9s pour int\u00e9grer et optimiser vos tapis modulaires.\",\"breadcrumb\":{\"@id\":\"https:\/\/www.eurobelt.com\/fr\/espace-clients\/dessins-cao\/dessins-cad-accessoires\/#breadcrumb\"},\"inLanguage\":\"fr-FR\",\"potentialAction\":[{\"@type\":\"ReadAction\",\"target\":[\"https:\/\/www.eurobelt.com\/fr\/espace-clients\/dessins-cao\/dessins-cad-accessoires\/\"]}]},{\"@type\":\"BreadcrumbList\",\"@id\":\"https:\/\/www.eurobelt.com\/fr\/espace-clients\/dessins-cao\/dessins-cad-accessoires\/#breadcrumb\",\"itemListElement\":[{\"@type\":\"ListItem\",\"position\":1,\"name\":\"Portada\",\"item\":\"https:\/\/www.eurobelt.com\/fr\/\"},{\"@type\":\"ListItem\",\"position\":2,\"name\":\"Espace clients\",\"item\":\"https:\/\/www.eurobelt.com\/fr\/espace-clients\/\"},{\"@type\":\"ListItem\",\"position\":3,\"name\":\"Dessins CAO\",\"item\":\"https:\/\/www.eurobelt.com\/fr\/espace-clients\/dessins-cao\/\"},{\"@type\":\"ListItem\",\"position\":4,\"name\":\"Dessins CAD &#8211; Accessoires\"}]},{\"@type\":\"WebSite\",\"@id\":\"https:\/\/www.eurobelt.com\/#website\",\"url\":\"https:\/\/www.eurobelt.com\/\",\"name\":\"Eurobelt\",\"description\":\"\",\"publisher\":{\"@id\":\"https:\/\/www.eurobelt.com\/#organization\"},\"potentialAction\":[{\"@type\":\"SearchAction\",\"target\":{\"@type\":\"EntryPoint\",\"urlTemplate\":\"https:\/\/www.eurobelt.com\/?s={search_term_string}\"},\"query-input\":{\"@type\":\"PropertyValueSpecification\",\"valueRequired\":true,\"valueName\":\"search_term_string\"}}],\"inLanguage\":\"fr-FR\"},{\"@type\":\"Organization\",\"@id\":\"https:\/\/www.eurobelt.com\/#organization\",\"name\":\"Eurobelt\",\"url\":\"https:\/\/www.eurobelt.com\/\",\"logo\":{\"@type\":\"ImageObject\",\"inLanguage\":\"fr-FR\",\"@id\":\"https:\/\/www.eurobelt.com\/#\/schema\/logo\/image\/\",\"url\":\"https:\/\/www.eurobelt.com\/wp-content\/uploads\/2025\/10\/logo_web.jpg\",\"contentUrl\":\"https:\/\/www.eurobelt.com\/wp-content\/uploads\/2025\/10\/logo_web.jpg\",\"width\":458,\"height\":135,\"caption\":\"Eurobelt\"},\"image\":{\"@id\":\"https:\/\/www.eurobelt.com\/#\/schema\/logo\/image\/\"},\"sameAs\":[\"https:\/\/www.linkedin.com\/eurobelt\/\"]}]}<\/script>\n<!-- \/ Yoast SEO plugin. -->","yoast_head_json":{"title":"Dessins CAD - Accessoires - Eurobelt","description":"T\u00e9l\u00e9chargez les dessins CAD des accessoires Eurobelt: plans techniques d\u00e9taill\u00e9s pour int\u00e9grer et optimiser vos tapis modulaires.","robots":{"index":"index","follow":"follow","max-snippet":"max-snippet:-1","max-image-preview":"max-image-preview:large","max-video-preview":"max-video-preview:-1"},"canonical":"https:\/\/www.eurobelt.com\/fr\/espace-clients\/dessins-cao\/dessins-cad-accessoires\/","og_locale":"fr_FR","og_type":"article","og_title":"Dessins CAD - Accessoires - Eurobelt","og_description":"T\u00e9l\u00e9chargez les dessins CAD des accessoires Eurobelt: plans techniques d\u00e9taill\u00e9s pour int\u00e9grer et optimiser vos tapis modulaires.","og_url":"https:\/\/www.eurobelt.com\/fr\/espace-clients\/dessins-cao\/dessins-cad-accessoires\/","og_site_name":"Eurobelt","article_modified_time":"2025-09-16T08:51:21+00:00","twitter_card":"summary_large_image","twitter_misc":{"Dur\u00e9e de lecture estim\u00e9e":"1 minute"},"schema":{"@context":"https:\/\/schema.org","@graph":[{"@type":"WebPage","@id":"https:\/\/www.eurobelt.com\/fr\/espace-clients\/dessins-cao\/dessins-cad-accessoires\/","url":"https:\/\/www.eurobelt.com\/fr\/espace-clients\/dessins-cao\/dessins-cad-accessoires\/","name":"Dessins CAD - Accessoires - Eurobelt","isPartOf":{"@id":"https:\/\/www.eurobelt.com\/#website"},"datePublished":"2024-10-25T09:55:20+00:00","dateModified":"2025-09-16T08:51:21+00:00","description":"T\u00e9l\u00e9chargez les dessins CAD des accessoires Eurobelt: plans techniques d\u00e9taill\u00e9s pour int\u00e9grer et optimiser vos tapis modulaires.","breadcrumb":{"@id":"https:\/\/www.eurobelt.com\/fr\/espace-clients\/dessins-cao\/dessins-cad-accessoires\/#breadcrumb"},"inLanguage":"fr-FR","potentialAction":[{"@type":"ReadAction","target":["https:\/\/www.eurobelt.com\/fr\/espace-clients\/dessins-cao\/dessins-cad-accessoires\/"]}]},{"@type":"BreadcrumbList","@id":"https:\/\/www.eurobelt.com\/fr\/espace-clients\/dessins-cao\/dessins-cad-accessoires\/#breadcrumb","itemListElement":[{"@type":"ListItem","position":1,"name":"Portada","item":"https:\/\/www.eurobelt.com\/fr\/"},{"@type":"ListItem","position":2,"name":"Espace clients","item":"https:\/\/www.eurobelt.com\/fr\/espace-clients\/"},{"@type":"ListItem","position":3,"name":"Dessins CAO","item":"https:\/\/www.eurobelt.com\/fr\/espace-clients\/dessins-cao\/"},{"@type":"ListItem","position":4,"name":"Dessins CAD &#8211; Accessoires"}]},{"@type":"WebSite","@id":"https:\/\/www.eurobelt.com\/#website","url":"https:\/\/www.eurobelt.com\/","name":"Eurobelt","description":"","publisher":{"@id":"https:\/\/www.eurobelt.com\/#organization"},"potentialAction":[{"@type":"SearchAction","target":{"@type":"EntryPoint","urlTemplate":"https:\/\/www.eurobelt.com\/?s={search_term_string}"},"query-input":{"@type":"PropertyValueSpecification","valueRequired":true,"valueName":"search_term_string"}}],"inLanguage":"fr-FR"},{"@type":"Organization","@id":"https:\/\/www.eurobelt.com\/#organization","name":"Eurobelt","url":"https:\/\/www.eurobelt.com\/","logo":{"@type":"ImageObject","inLanguage":"fr-FR","@id":"https:\/\/www.eurobelt.com\/#\/schema\/logo\/image\/","url":"https:\/\/www.eurobelt.com\/wp-content\/uploads\/2025\/10\/logo_web.jpg","contentUrl":"https:\/\/www.eurobelt.com\/wp-content\/uploads\/2025\/10\/logo_web.jpg","width":458,"height":135,"caption":"Eurobelt"},"image":{"@id":"https:\/\/www.eurobelt.com\/#\/schema\/logo\/image\/"},"sameAs":["https:\/\/www.linkedin.com\/eurobelt\/"]}]}},"_links":{"self":[{"href":"https:\/\/www.eurobelt.com\/fr\/wp-json\/wp\/v2\/pages\/6969","targetHints":{"allow":["GET"]}}],"collection":[{"href":"https:\/\/www.eurobelt.com\/fr\/wp-json\/wp\/v2\/pages"}],"about":[{"href":"https:\/\/www.eurobelt.com\/fr\/wp-json\/wp\/v2\/types\/page"}],"author":[{"embeddable":true,"href":"https:\/\/www.eurobelt.com\/fr\/wp-json\/wp\/v2\/users\/1489"}],"replies":[{"embeddable":true,"href":"https:\/\/www.eurobelt.com\/fr\/wp-json\/wp\/v2\/comments?post=6969"}],"version-history":[{"count":2,"href":"https:\/\/www.eurobelt.com\/fr\/wp-json\/wp\/v2\/pages\/6969\/revisions"}],"predecessor-version":[{"id":6993,"href":"https:\/\/www.eurobelt.com\/fr\/wp-json\/wp\/v2\/pages\/6969\/revisions\/6993"}],"up":[{"embeddable":true,"href":"https:\/\/www.eurobelt.com\/fr\/wp-json\/wp\/v2\/pages\/2940"}],"wp:attachment":[{"href":"https:\/\/www.eurobelt.com\/fr\/wp-json\/wp\/v2\/media?parent=6969"}],"curies":[{"name":"wp","href":"https:\/\/api.w.org\/{rel}","templated":true}]}}