{"id":3253,"date":"2024-04-08T07:27:31","date_gmt":"2024-04-08T05:27:31","guid":{"rendered":"https:\/\/www.eurobelt.com\/area-clienti-2\/disegni-cad\/"},"modified":"2025-06-05T17:02:39","modified_gmt":"2025-06-05T15:02:39","slug":"disegni-cad","status":"publish","type":"page","link":"https:\/\/www.eurobelt.com\/it\/area-clienti-2\/disegni-cad\/","title":{"rendered":"Disegni CAD"},"content":{"rendered":"Devi essere connesso per visualizzare questo contenuto.","protected":false},"excerpt":{"rendered":"Devi essere connesso per visualizzare questo contenuto.","protected":false},"author":1,"featured_media":0,"parent":3225,"menu_order":0,"comment_status":"closed","ping_status":"closed","template":"","meta":{"footnotes":""},"class_list":["post-3253","page","type-page","status-publish","hentry"],"yoast_head":"<!-- This site is optimized with the Yoast SEO plugin v27.0 - https:\/\/yoast.com\/product\/yoast-seo-wordpress\/ -->\n<title>Disegni CAD - Eurobelt<\/title>\n<meta name=\"robots\" content=\"index, follow, max-snippet:-1, max-image-preview:large, max-video-preview:-1\" \/>\n<link rel=\"canonical\" href=\"https:\/\/www.eurobelt.com\/it\/area-clienti-2\/disegni-cad\/\" \/>\n<meta property=\"og:locale\" content=\"it_IT\" \/>\n<meta property=\"og:type\" content=\"article\" \/>\n<meta property=\"og:title\" content=\"Disegni CAD - Eurobelt\" \/>\n<meta property=\"og:description\" content=\"Questo contenuto \u00e8 riservato ai membri del sito. Se sei gi\u00e0 registrato, accedi. I nuovi utenti possono registrarsi qui sotto.Accesso per utenti iscrittiNome utente o emailPassword&nbsp;Ricordami&nbsp;&nbsp;Hai dimenticato la password?&nbsp;Fai clic qui per reimpostare la passwordRegistrazione nuovo utenteScegli un nome utente*Email*Nome*Company*Departamento*GerenciaT\u00e9cnicoComprasFinancieroMantenimientoOtrosActivityUsuarioFabricanteIngenieriaRevendedorSectorIndirizzo 1*CIFCitt\u00e0*Regione*CAP*Nazione*Telefono* He le\u00eddo y acepto la pol\u00edtica de protecci\u00f3n de datos*Acepto el env\u00edo de informaci\u00f3n [&hellip;]\" \/>\n<meta property=\"og:url\" content=\"https:\/\/www.eurobelt.com\/it\/area-clienti-2\/disegni-cad\/\" \/>\n<meta property=\"og:site_name\" content=\"Eurobelt\" \/>\n<meta property=\"article:modified_time\" content=\"2025-06-05T15:02:39+00:00\" \/>\n<meta name=\"twitter:card\" content=\"summary_large_image\" \/>\n<script type=\"application\/ld+json\" class=\"yoast-schema-graph\">{\"@context\":\"https:\/\/schema.org\",\"@graph\":[{\"@type\":\"WebPage\",\"@id\":\"https:\/\/www.eurobelt.com\/it\/area-clienti-2\/disegni-cad\/\",\"url\":\"https:\/\/www.eurobelt.com\/it\/area-clienti-2\/disegni-cad\/\",\"name\":\"Disegni CAD - Eurobelt\",\"isPartOf\":{\"@id\":\"https:\/\/www.eurobelt.com\/#website\"},\"datePublished\":\"2024-04-08T05:27:31+00:00\",\"dateModified\":\"2025-06-05T15:02:39+00:00\",\"breadcrumb\":{\"@id\":\"https:\/\/www.eurobelt.com\/it\/area-clienti-2\/disegni-cad\/#breadcrumb\"},\"inLanguage\":\"it-IT\",\"potentialAction\":[{\"@type\":\"ReadAction\",\"target\":[\"https:\/\/www.eurobelt.com\/it\/area-clienti-2\/disegni-cad\/\"]}]},{\"@type\":\"BreadcrumbList\",\"@id\":\"https:\/\/www.eurobelt.com\/it\/area-clienti-2\/disegni-cad\/#breadcrumb\",\"itemListElement\":[{\"@type\":\"ListItem\",\"position\":1,\"name\":\"Portada\",\"item\":\"https:\/\/www.eurobelt.com\/it\/\"},{\"@type\":\"ListItem\",\"position\":2,\"name\":\"Area clienti\",\"item\":\"https:\/\/www.eurobelt.com\/it\/area-clienti-2\/\"},{\"@type\":\"ListItem\",\"position\":3,\"name\":\"Disegni CAD\"}]},{\"@type\":\"WebSite\",\"@id\":\"https:\/\/www.eurobelt.com\/#website\",\"url\":\"https:\/\/www.eurobelt.com\/\",\"name\":\"Eurobelt\",\"description\":\"\",\"publisher\":{\"@id\":\"https:\/\/www.eurobelt.com\/#organization\"},\"potentialAction\":[{\"@type\":\"SearchAction\",\"target\":{\"@type\":\"EntryPoint\",\"urlTemplate\":\"https:\/\/www.eurobelt.com\/?s={search_term_string}\"},\"query-input\":{\"@type\":\"PropertyValueSpecification\",\"valueRequired\":true,\"valueName\":\"search_term_string\"}}],\"inLanguage\":\"it-IT\"},{\"@type\":\"Organization\",\"@id\":\"https:\/\/www.eurobelt.com\/#organization\",\"name\":\"Eurobelt\",\"url\":\"https:\/\/www.eurobelt.com\/\",\"logo\":{\"@type\":\"ImageObject\",\"inLanguage\":\"it-IT\",\"@id\":\"https:\/\/www.eurobelt.com\/#\/schema\/logo\/image\/\",\"url\":\"https:\/\/www.eurobelt.com\/wp-content\/uploads\/2025\/10\/logo_web.jpg\",\"contentUrl\":\"https:\/\/www.eurobelt.com\/wp-content\/uploads\/2025\/10\/logo_web.jpg\",\"width\":458,\"height\":135,\"caption\":\"Eurobelt\"},\"image\":{\"@id\":\"https:\/\/www.eurobelt.com\/#\/schema\/logo\/image\/\"},\"sameAs\":[\"https:\/\/www.linkedin.com\/eurobelt\/\"]}]}<\/script>\n<!-- \/ Yoast SEO plugin. -->","yoast_head_json":{"title":"Disegni CAD - Eurobelt","robots":{"index":"index","follow":"follow","max-snippet":"max-snippet:-1","max-image-preview":"max-image-preview:large","max-video-preview":"max-video-preview:-1"},"canonical":"https:\/\/www.eurobelt.com\/it\/area-clienti-2\/disegni-cad\/","og_locale":"it_IT","og_type":"article","og_title":"Disegni CAD - Eurobelt","og_description":"Questo contenuto \u00e8 riservato ai membri del sito. Se sei gi\u00e0 registrato, accedi. I nuovi utenti possono registrarsi qui sotto.Accesso per utenti iscrittiNome utente o emailPassword&nbsp;Ricordami&nbsp;&nbsp;Hai dimenticato la password?&nbsp;Fai clic qui per reimpostare la passwordRegistrazione nuovo utenteScegli un nome utente*Email*Nome*Company*Departamento*GerenciaT\u00e9cnicoComprasFinancieroMantenimientoOtrosActivityUsuarioFabricanteIngenieriaRevendedorSectorIndirizzo 1*CIFCitt\u00e0*Regione*CAP*Nazione*Telefono* He le\u00eddo y acepto la pol\u00edtica de protecci\u00f3n de datos*Acepto el env\u00edo de informaci\u00f3n [&hellip;]","og_url":"https:\/\/www.eurobelt.com\/it\/area-clienti-2\/disegni-cad\/","og_site_name":"Eurobelt","article_modified_time":"2025-06-05T15:02:39+00:00","twitter_card":"summary_large_image","schema":{"@context":"https:\/\/schema.org","@graph":[{"@type":"WebPage","@id":"https:\/\/www.eurobelt.com\/it\/area-clienti-2\/disegni-cad\/","url":"https:\/\/www.eurobelt.com\/it\/area-clienti-2\/disegni-cad\/","name":"Disegni CAD - Eurobelt","isPartOf":{"@id":"https:\/\/www.eurobelt.com\/#website"},"datePublished":"2024-04-08T05:27:31+00:00","dateModified":"2025-06-05T15:02:39+00:00","breadcrumb":{"@id":"https:\/\/www.eurobelt.com\/it\/area-clienti-2\/disegni-cad\/#breadcrumb"},"inLanguage":"it-IT","potentialAction":[{"@type":"ReadAction","target":["https:\/\/www.eurobelt.com\/it\/area-clienti-2\/disegni-cad\/"]}]},{"@type":"BreadcrumbList","@id":"https:\/\/www.eurobelt.com\/it\/area-clienti-2\/disegni-cad\/#breadcrumb","itemListElement":[{"@type":"ListItem","position":1,"name":"Portada","item":"https:\/\/www.eurobelt.com\/it\/"},{"@type":"ListItem","position":2,"name":"Area clienti","item":"https:\/\/www.eurobelt.com\/it\/area-clienti-2\/"},{"@type":"ListItem","position":3,"name":"Disegni CAD"}]},{"@type":"WebSite","@id":"https:\/\/www.eurobelt.com\/#website","url":"https:\/\/www.eurobelt.com\/","name":"Eurobelt","description":"","publisher":{"@id":"https:\/\/www.eurobelt.com\/#organization"},"potentialAction":[{"@type":"SearchAction","target":{"@type":"EntryPoint","urlTemplate":"https:\/\/www.eurobelt.com\/?s={search_term_string}"},"query-input":{"@type":"PropertyValueSpecification","valueRequired":true,"valueName":"search_term_string"}}],"inLanguage":"it-IT"},{"@type":"Organization","@id":"https:\/\/www.eurobelt.com\/#organization","name":"Eurobelt","url":"https:\/\/www.eurobelt.com\/","logo":{"@type":"ImageObject","inLanguage":"it-IT","@id":"https:\/\/www.eurobelt.com\/#\/schema\/logo\/image\/","url":"https:\/\/www.eurobelt.com\/wp-content\/uploads\/2025\/10\/logo_web.jpg","contentUrl":"https:\/\/www.eurobelt.com\/wp-content\/uploads\/2025\/10\/logo_web.jpg","width":458,"height":135,"caption":"Eurobelt"},"image":{"@id":"https:\/\/www.eurobelt.com\/#\/schema\/logo\/image\/"},"sameAs":["https:\/\/www.linkedin.com\/eurobelt\/"]}]}},"_links":{"self":[{"href":"https:\/\/www.eurobelt.com\/it\/wp-json\/wp\/v2\/pages\/3253","targetHints":{"allow":["GET"]}}],"collection":[{"href":"https:\/\/www.eurobelt.com\/it\/wp-json\/wp\/v2\/pages"}],"about":[{"href":"https:\/\/www.eurobelt.com\/it\/wp-json\/wp\/v2\/types\/page"}],"author":[{"embeddable":true,"href":"https:\/\/www.eurobelt.com\/it\/wp-json\/wp\/v2\/users\/1"}],"replies":[{"embeddable":true,"href":"https:\/\/www.eurobelt.com\/it\/wp-json\/wp\/v2\/comments?post=3253"}],"version-history":[{"count":8,"href":"https:\/\/www.eurobelt.com\/it\/wp-json\/wp\/v2\/pages\/3253\/revisions"}],"predecessor-version":[{"id":11136,"href":"https:\/\/www.eurobelt.com\/it\/wp-json\/wp\/v2\/pages\/3253\/revisions\/11136"}],"up":[{"embeddable":true,"href":"https:\/\/www.eurobelt.com\/it\/wp-json\/wp\/v2\/pages\/3225"}],"wp:attachment":[{"href":"https:\/\/www.eurobelt.com\/it\/wp-json\/wp\/v2\/media?parent=3253"}],"curies":[{"name":"wp","href":"https:\/\/api.w.org\/{rel}","templated":true}]}}