{"id":3341,"date":"2024-03-26T12:28:20","date_gmt":"2024-03-26T10:28:20","guid":{"rendered":"https:\/\/www.eurobelt.com\/nota-legale\/"},"modified":"2024-07-17T09:31:18","modified_gmt":"2024-07-17T09:31:18","slug":"nota-legale","status":"publish","type":"page","link":"https:\/\/www.eurobelt.com\/it\/nota-legale\/","title":{"rendered":"Nota Legale"},"content":{"rendered":"\n<section class=\"wp-block-microbio-blocks-section child-default section-align-center  alignfull\" style=\"padding-top:var(--wp--preset--spacing--space-s);padding-bottom:var(--wp--preset--spacing--space-s);--min-height:0;--min-height-mobile:0;--img:url('');--img-mobile:url('');--focal:50% 50%;--focal-mobile:50% 50%\" data-animation-enter=\"alpha\">\n<h1 class=\"wp-block-heading\">Nota Legale<\/h1>\n\n\n\n<p><em>In ottemperanza alla legge 34\/2002, dell&#8217;11 luglio, sui servizi della societ\u00e0 dell&#8217;informazione e il commercio elettronico, vi informiamo:<\/em><\/p>\n\n\n\n<ol class=\"wp-block-list\">\n<li><strong>Oggetto.<\/strong><\/li>\n<\/ol>\n\n\n\n<p><em>Il fornitore di servizi del sito web https:\/\/www.eurobelt.com\/ \u00e8 AFHER EUROBELT, S.A. con sede legale in C\/ Topacio 41, Pol\u00edgono industrial San Crist\u00f3bal, 47012, Valladolid, CIF n\u00ba A47028436 La societ\u00e0 \u00e8 iscritta nel Registro Mercantile del Volume 135, libro 96, Sezione 3\u00aa Folio 167 Pagina 1364.<\/em> <\/p>\n\n\n\n<p>Ai fini del presente documento il numero di telefono di contatto \u00e8 983217480 e l&#8217;indirizzo e-mail di contatto \u00e8 afherl@eurobelt.com.<\/p>\n\n\n\n<p>Il presente Avviso legale regola l&#8217;uso di questo dominio.<\/p>\n\n\n\n<p>L&#8217;utilizzo di questo sito web implica l&#8217;accettazione da parte dell&#8217;Utente delle condizioni di utilizzo incluse in questo Avviso, nonch\u00e9 delle nostre politiche sulla \u201cProtezione dei dati e della privacy\u201d e sulla \u201cPolitica sui cookie\u201d. Nel caso in cui determinati servizi, contenuti e\/o strumenti offerti attraverso questo \u201cPortale\u201d richiedano l&#8217;applicazione di condizioni specifiche, queste saranno messe a disposizione dell&#8217;Utente.<\/p>\n\n\n\n<p>D&#8217;altra parte, AFHER EUROBELT, S.A. avverte che, tanto i contenuti e i servizi di questa pagina web quanto le condizioni di utilizzo, possono essere modificati senza preavviso. <\/p>\n\n\n\n<p><strong>2. <\/strong><strong><\/strong><strong>Condizioni generali di utilizzo.<\/strong><\/p>\n\n\n\n<p>L&#8217;Utente si impegna a fornire informazioni veritiere, accurate e complete sulla propria identit\u00e0 nelle sezioni in cui \u00e8 richiesta la registrazione per accedervi. Inoltre, si impegna a mantenere aggiornati i dati personali eventualmente forniti al titolare del dominio, ed \u00e8 pertanto l&#8217;unico responsabile di eventuali falsit\u00e0 o inesattezze che dovesse commettere. <\/p>\n\n\n\n<p>Si prega di notare che se si \u00e8 minorenni \u00e8 necessario ottenere l&#8217;autorizzazione dei genitori, dei tutori o dei rappresentanti legali per poter accedere ai servizi forniti. AFHER EUROBELT, S.A. non \u00e8 responsabile nel caso in cui le informazioni su questo argomento siano inesatte o false.<\/p>\n\n\n\n<p>Il \u201cportale\u201d pu\u00f2 essere utilizzato solo per scopi legali e pertanto l&#8217;utente si impegna a fare un uso lecito e onesto del portale e in conformit\u00e0 alle presenti Condizioni Generali d&#8217;Uso, a non utilizzare i servizi del \u201cportale\u201d per svolgere attivit\u00e0 contrarie alla legislazione spagnola, al buon costume e all&#8217;ordine pubblico, e si assume ogni responsabilit\u00e0 per i danni al titolare del dominio o a terzi che possano derivare da pratiche illegali o inammissibili, tra cui, a titolo esemplificativo ma non esaustivo, le seguenti: <\/p>\n\n\n\n<p>Effettuare qualsiasi manipolazione o alterazione di questa pagina senza il previo consenso del proprietario del dominio, il quale non si assume alcuna responsabilit\u00e0 che possa derivare da tali manipolazioni o alterazioni da parte di terzi.<\/p>\n\n\n\n<p>Compiere qualsiasi atto che possa danneggiare, rendere inutilizzabile, sovraccaricare o deteriorare il Portale e i servizi e\/o impedire il normale uso e utilizzo da parte degli Utenti<\/p>\n\n\n\n<p>Introdurre e\/o utilizzare programmi informatici, dati, file difettosi, virus, codici maligni, apparecchiature informatiche o di telecomunicazione o altro, indipendentemente dalla loro natura, che possano causare danni al Portale, a uno qualsiasi dei servizi, o a qualsiasi asset (fisico o logico) dei sistemi informatici del titolare del dominio. <\/p>\n\n\n\n<p>Violare i diritti di terzi alla privacy, all&#8217;immagine, alla protezione dei dati, alla segretezza delle comunicazioni, alla propriet\u00e0 intellettuale e industriale.<\/p>\n\n\n\n<p>Nascondere e falsificare l&#8217;origine dei messaggi di posta elettronica. <\/p>\n\n\n\n<p>Utilizzare false identit\u00e0, impersonare altri quando si utilizza il Portale o uno qualsiasi dei suoi servizi.<\/p>\n\n\n\n<p>Riprodurre, distribuire, modificare o copiare il contenuto di questa pagina, a meno che non si abbia l&#8217;autorizzazione del proprietario del dominio o si sia legalmente autorizzati a farlo. <\/p>\n\n\n\n<p>Trasmettere nomi utente e password a terzi non autorizzati.<\/p>\n\n\n\n<p>AFHER EUROBELT, S.A. non \u00e8 responsabile dei collegamenti (LINK) ad altre pagine Internet di terzi e la loro esistenza non implica che AFHER EUROBELT, S.A. approvi o accetti i loro contenuti e servizi. Questi altri siti web non sono controllati da AFHER EUROBELT, S.A. e non sono coperti dalla presente Informativa sulla privacy. Se si accede ad altri siti web utilizzando i link forniti, gli operatori di tali siti possono raccogliere i dati personali dell&#8217;utente. Prima di fornire informazioni personali, accertarsi di essere soddisfatti delle politiche sulla privacy di questi siti web di terzi.<\/p>\n\n\n\n<p>In generale, il titolare del dominio esclude la propria responsabilit\u00e0 per i danni di qualsiasi natura e genere che possano derivare dall&#8217;utilizzo del sito, nonch\u00e9 per i danni derivanti dalla violazione dei diritti di propriet\u00e0 intellettuale e industriale da parte degli utenti e\/o dalla mancanza di veridicit\u00e0, accuratezza e tempestivit\u00e0 dei contenuti, n\u00e9 potr\u00e0 essere ritenuto responsabile per l&#8217;interruzione del servizio, l&#8217;inadeguato funzionamento o l&#8217;impossibilit\u00e0 di accedere al servizio.<\/p>\n\n\n\n<p>Il titolare del dominio non \u00e8 responsabile dei danni causati dalla presenza di virus o di qualsiasi altro software dannoso che possa causare alterazioni nel sistema informatico dell&#8217;Utente. <\/p>\n\n\n\n<p>Il sito web, compresi, ma non solo, la programmazione, il design, i loghi, il testo e\/o la grafica sono di propriet\u00e0 del fornitore o, se del caso, sono concessi in licenza o espressamente autorizzati dagli autori. <\/p>\n\n\n\n<p>Indipendentemente dallo scopo per cui sono stati concepiti, la riproduzione totale o parziale, l&#8217;uso, lo sfruttamento, la distribuzione e la commercializzazione richiedono in ogni caso la previa autorizzazione scritta del proprietario del dominio. <\/p>\n\n\n\n<p>L&#8217;utente si impegna a non compiere alcun atto contro i diritti di propriet\u00e0 intellettuale o industriale dell&#8217;autore.<\/p>\n\n\n\n<p>Il fornitore di servizi web autorizza espressamente i terzi a reindirizzare direttamente ai contenuti specifici del sito web, e in ogni caso deve reindirizzare al sito web principale del fornitore.<\/p>\n\n\n\n<ol class=\"wp-block-list\" start=\"3\">\n<li><strong>Utilizzo dei cookie<\/strong><\/li>\n<\/ol>\n\n\n\n<p>AFHER EUROBELT, S.A., in qualit\u00e0 di fornitore di servizi di questo sito web, dichiara di utilizzare procedure automatiche per la raccolta di informazioni al fine di mantenere il registro degli utenti che visitano il sito web. Fare <a href=\"https:\/\/www.eurobelt.com\/politica-de-cookies\/\" data-type=\"page\" data-id=\"627\">clic qui<\/a> per accedere alla nostra politica sui cookie.<\/p>\n\n\n\n<ol class=\"wp-block-list\" start=\"4\">\n<li><strong> Protezione dei dati<\/strong><\/li>\n<\/ol>\n\n\n\n<p>Potete consultare la nostra politica sulla protezione dei dati personali nella <a href=\"https:\/\/www.eurobelt.com\/politica-de-proteccion-de-datos\/\" data-type=\"page\" data-id=\"628\">sezione seguente.<\/a><\/p>\n\n\n\n<ol class=\"wp-block-list\" start=\"5\">\n<li><strong>Legislazione applicabile<\/strong><\/li>\n<\/ol>\n\n\n\n<p>Le presenti Condizioni generali d&#8217;uso sono disciplinate in ogni momento dalle disposizioni della legge spagnola. <\/p>\n<\/section>\n","protected":false},"excerpt":{"rendered":"","protected":false},"author":1,"featured_media":0,"parent":0,"menu_order":0,"comment_status":"closed","ping_status":"closed","template":"alpha-no-header","meta":{"footnotes":""},"class_list":["post-3341","page","type-page","status-publish","hentry"],"yoast_head":"<!-- This site is optimized with the Yoast SEO plugin v27.0 - https:\/\/yoast.com\/product\/yoast-seo-wordpress\/ -->\n<title>Nota Legale - Eurobelt<\/title>\n<meta name=\"robots\" content=\"index, follow, max-snippet:-1, max-image-preview:large, max-video-preview:-1\" \/>\n<link rel=\"canonical\" href=\"https:\/\/www.eurobelt.com\/aviso-legal\/\" \/>\n<meta property=\"og:locale\" content=\"it_IT\" \/>\n<meta property=\"og:type\" content=\"article\" \/>\n<meta property=\"og:title\" content=\"Nota Legale - Eurobelt\" \/>\n<meta property=\"og:url\" content=\"https:\/\/www.eurobelt.com\/aviso-legal\/\" \/>\n<meta property=\"og:site_name\" content=\"Eurobelt\" \/>\n<meta property=\"article:modified_time\" content=\"2024-07-17T09:31:18+00:00\" \/>\n<meta name=\"twitter:card\" content=\"summary_large_image\" \/>\n<meta name=\"twitter:label1\" content=\"Tempo di lettura stimato\" \/>\n\t<meta name=\"twitter:data1\" content=\"5 minuti\" \/>\n<script type=\"application\/ld+json\" class=\"yoast-schema-graph\">{\"@context\":\"https:\/\/schema.org\",\"@graph\":[{\"@type\":\"WebPage\",\"@id\":\"https:\/\/www.eurobelt.com\/aviso-legal\/\",\"url\":\"https:\/\/www.eurobelt.com\/aviso-legal\/\",\"name\":\"Nota Legale - Eurobelt\",\"isPartOf\":{\"@id\":\"https:\/\/www.eurobelt.com\/#website\"},\"datePublished\":\"2024-03-26T10:28:20+00:00\",\"dateModified\":\"2024-07-17T09:31:18+00:00\",\"breadcrumb\":{\"@id\":\"https:\/\/www.eurobelt.com\/aviso-legal\/#breadcrumb\"},\"inLanguage\":\"it-IT\",\"potentialAction\":[{\"@type\":\"ReadAction\",\"target\":[\"https:\/\/www.eurobelt.com\/aviso-legal\/\"]}]},{\"@type\":\"BreadcrumbList\",\"@id\":\"https:\/\/www.eurobelt.com\/aviso-legal\/#breadcrumb\",\"itemListElement\":[{\"@type\":\"ListItem\",\"position\":1,\"name\":\"Portada\",\"item\":\"https:\/\/www.eurobelt.com\/it\/\"},{\"@type\":\"ListItem\",\"position\":2,\"name\":\"Nota Legale\"}]},{\"@type\":\"WebSite\",\"@id\":\"https:\/\/www.eurobelt.com\/#website\",\"url\":\"https:\/\/www.eurobelt.com\/\",\"name\":\"Eurobelt\",\"description\":\"\",\"publisher\":{\"@id\":\"https:\/\/www.eurobelt.com\/#organization\"},\"potentialAction\":[{\"@type\":\"SearchAction\",\"target\":{\"@type\":\"EntryPoint\",\"urlTemplate\":\"https:\/\/www.eurobelt.com\/?s={search_term_string}\"},\"query-input\":{\"@type\":\"PropertyValueSpecification\",\"valueRequired\":true,\"valueName\":\"search_term_string\"}}],\"inLanguage\":\"it-IT\"},{\"@type\":\"Organization\",\"@id\":\"https:\/\/www.eurobelt.com\/#organization\",\"name\":\"Eurobelt\",\"url\":\"https:\/\/www.eurobelt.com\/\",\"logo\":{\"@type\":\"ImageObject\",\"inLanguage\":\"it-IT\",\"@id\":\"https:\/\/www.eurobelt.com\/#\/schema\/logo\/image\/\",\"url\":\"https:\/\/www.eurobelt.com\/wp-content\/uploads\/2025\/10\/logo_web.jpg\",\"contentUrl\":\"https:\/\/www.eurobelt.com\/wp-content\/uploads\/2025\/10\/logo_web.jpg\",\"width\":458,\"height\":135,\"caption\":\"Eurobelt\"},\"image\":{\"@id\":\"https:\/\/www.eurobelt.com\/#\/schema\/logo\/image\/\"},\"sameAs\":[\"https:\/\/www.linkedin.com\/eurobelt\/\"]}]}<\/script>\n<!-- \/ Yoast SEO plugin. -->","yoast_head_json":{"title":"Nota Legale - Eurobelt","robots":{"index":"index","follow":"follow","max-snippet":"max-snippet:-1","max-image-preview":"max-image-preview:large","max-video-preview":"max-video-preview:-1"},"canonical":"https:\/\/www.eurobelt.com\/aviso-legal\/","og_locale":"it_IT","og_type":"article","og_title":"Nota Legale - Eurobelt","og_url":"https:\/\/www.eurobelt.com\/aviso-legal\/","og_site_name":"Eurobelt","article_modified_time":"2024-07-17T09:31:18+00:00","twitter_card":"summary_large_image","twitter_misc":{"Tempo di lettura stimato":"5 minuti"},"schema":{"@context":"https:\/\/schema.org","@graph":[{"@type":"WebPage","@id":"https:\/\/www.eurobelt.com\/aviso-legal\/","url":"https:\/\/www.eurobelt.com\/aviso-legal\/","name":"Nota Legale - Eurobelt","isPartOf":{"@id":"https:\/\/www.eurobelt.com\/#website"},"datePublished":"2024-03-26T10:28:20+00:00","dateModified":"2024-07-17T09:31:18+00:00","breadcrumb":{"@id":"https:\/\/www.eurobelt.com\/aviso-legal\/#breadcrumb"},"inLanguage":"it-IT","potentialAction":[{"@type":"ReadAction","target":["https:\/\/www.eurobelt.com\/aviso-legal\/"]}]},{"@type":"BreadcrumbList","@id":"https:\/\/www.eurobelt.com\/aviso-legal\/#breadcrumb","itemListElement":[{"@type":"ListItem","position":1,"name":"Portada","item":"https:\/\/www.eurobelt.com\/it\/"},{"@type":"ListItem","position":2,"name":"Nota Legale"}]},{"@type":"WebSite","@id":"https:\/\/www.eurobelt.com\/#website","url":"https:\/\/www.eurobelt.com\/","name":"Eurobelt","description":"","publisher":{"@id":"https:\/\/www.eurobelt.com\/#organization"},"potentialAction":[{"@type":"SearchAction","target":{"@type":"EntryPoint","urlTemplate":"https:\/\/www.eurobelt.com\/?s={search_term_string}"},"query-input":{"@type":"PropertyValueSpecification","valueRequired":true,"valueName":"search_term_string"}}],"inLanguage":"it-IT"},{"@type":"Organization","@id":"https:\/\/www.eurobelt.com\/#organization","name":"Eurobelt","url":"https:\/\/www.eurobelt.com\/","logo":{"@type":"ImageObject","inLanguage":"it-IT","@id":"https:\/\/www.eurobelt.com\/#\/schema\/logo\/image\/","url":"https:\/\/www.eurobelt.com\/wp-content\/uploads\/2025\/10\/logo_web.jpg","contentUrl":"https:\/\/www.eurobelt.com\/wp-content\/uploads\/2025\/10\/logo_web.jpg","width":458,"height":135,"caption":"Eurobelt"},"image":{"@id":"https:\/\/www.eurobelt.com\/#\/schema\/logo\/image\/"},"sameAs":["https:\/\/www.linkedin.com\/eurobelt\/"]}]}},"_links":{"self":[{"href":"https:\/\/www.eurobelt.com\/it\/wp-json\/wp\/v2\/pages\/3341","targetHints":{"allow":["GET"]}}],"collection":[{"href":"https:\/\/www.eurobelt.com\/it\/wp-json\/wp\/v2\/pages"}],"about":[{"href":"https:\/\/www.eurobelt.com\/it\/wp-json\/wp\/v2\/types\/page"}],"author":[{"embeddable":true,"href":"https:\/\/www.eurobelt.com\/it\/wp-json\/wp\/v2\/users\/1"}],"replies":[{"embeddable":true,"href":"https:\/\/www.eurobelt.com\/it\/wp-json\/wp\/v2\/comments?post=3341"}],"version-history":[{"count":1,"href":"https:\/\/www.eurobelt.com\/it\/wp-json\/wp\/v2\/pages\/3341\/revisions"}],"predecessor-version":[{"id":3342,"href":"https:\/\/www.eurobelt.com\/it\/wp-json\/wp\/v2\/pages\/3341\/revisions\/3342"}],"wp:attachment":[{"href":"https:\/\/www.eurobelt.com\/it\/wp-json\/wp\/v2\/media?parent=3341"}],"curies":[{"name":"wp","href":"https:\/\/api.w.org\/{rel}","templated":true}]}}