{"id":3380,"date":"2024-03-26T12:30:39","date_gmt":"2024-03-26T10:30:39","guid":{"rendered":"https:\/\/www.eurobelt.com\/informativa-sulla-protezione-dei-dati\/"},"modified":"2024-07-17T14:28:48","modified_gmt":"2024-07-17T14:28:48","slug":"informativa-sulla-protezione-dei-dati","status":"publish","type":"page","link":"https:\/\/www.eurobelt.com\/it\/informativa-sulla-protezione-dei-dati\/","title":{"rendered":"Informativa sulla protezione dei dati"},"content":{"rendered":"\n<section class=\"wp-block-microbio-blocks-section child-default section-align-center  alignfull\" style=\"padding-top:var(--wp--preset--spacing--space-s);padding-bottom:var(--wp--preset--spacing--space-s);--min-height:0;--min-height-mobile:0;--img:url('');--img-mobile:url('');--focal:50% 50%;--focal-mobile:50% 50%\" data-animation-enter=\"alpha\">\n<ol class=\"wp-block-list\">\n<li><strong>INFORMATIVA SULLA PROTEZIONE DEI DATI PER IL SITO WEB &#8211; https:\/\/www.eurobelt.com\/<\/strong><\/li>\n<\/ol>\n\n\n\n<p><strong>Informativa sulla protezione dei dati di AFHER EUROBELT, S.A. .<\/strong><\/p>\n\n\n\n<ol class=\"wp-block-list\">\n<li><strong>Chi \u00e8 il Titolare del trattamento dei vostri dati?<\/strong><\/li>\n<\/ol>\n\n\n\n<p>Il responsabile del trattamento dei dati relativi ai diversi processi relativi alla gestione di utenti, clienti e potenziali clienti, collaboratori e fornitori \u00e8 AFHER EUROBELT, S.A., con sede in c\/ Topacio 41, P.I San Crist\u00f3bal 47012 Valladolid e CIF A47028436.<\/p>\n\n\n\n<p>Ai fini della nostra politica di protezione dei dati il numero di telefono \u00e8 983217480 e l&#8217;indirizzo e-mail di contatto \u00e8 <a href=\"mailto:afher@eurobelt.com\">afher@eurobelt.com.<\/a><\/p>\n\n\n\n<p>La informiamo inoltre che nel trattamento dei dati in materia di gestione di Utenti, Clienti e Fornitori, non esistono entit\u00e0 Corresponsabili del Trattamento.<br\/><\/p>\n\n\n\n<ol class=\"wp-block-list\" start=\"2\">\n<li><strong>Che tipo di dati abbiamo su di lei e come li abbiamo ottenuti? <\/strong><\/li>\n<\/ol>\n\n\n\n<p>Le categorie di dati personali che AFHER EUROBELT, S.A. tratta sui propri clienti e fornitori sono:<\/p>\n\n\n\n<ul class=\"wp-block-list\">\n<li>Dati identificativi<\/li>\n\n\n\n<li>Indirizzi postali o elettronici<\/li>\n\n\n\n<li>Informazioni commerciali<\/li>\n\n\n\n<li>Dati economici e delle transazioni<\/li>\n\n\n\n<li>Immagini<\/li>\n<\/ul>\n\n\n\n<p>In nessun caso trattiamo dati particolarmente protetti.<\/p>\n\n\n\n<p>Tutti i dati di cui sopra sono stati ottenuti da voi o direttamente tramite la presentazione di un&#8217;offerta commerciale, proposta contrattuale, ecc. o tramite la vostra azienda fornendoci i dati identificativi e altre informazioni necessarie per l&#8217;esecuzione dell&#8217;oggetto del rapporto contrattuale tra le parti. L&#8217;utente o la sua azienda \u00e8 tenuto a fornirci informazioni aggiornate in caso di modifiche. Per quanto riguarda i dati dei candidati abbiamo ottenuto i loro dati attraverso la presentazione di un CV da parte loro o ottenendo la loro candidatura attraverso i servizi di un portale di lavoro. In quest&#8217;ultimo caso Lei ha autorizzato tale trasferimento dei Suoi dati alla nostra azienda inserendo i Suoi dati curriculari nel portale di lavoro.<\/p>\n\n\n\n<ol class=\"wp-block-list\" start=\"3\">\n<li>Per quanto tempo conserviamo <strong>i vostri dati<\/strong>? <\/li>\n<\/ol>\n\n\n\n<p>I dati personali relativi a persone fisiche collegate a potenziali clienti, clienti e fornitori che AFHER EUROBELT, S.A. raccoglier\u00e0 attraverso i vari moduli di contatto e\/o raccolta di informazioni che saranno conservate fino a quando non ne sar\u00e0 richiesta la cancellazione da parte dell&#8217;interessato. I dati forniti dai nostri clienti e fornitori saranno conservati per tutta la durata del rapporto commerciale tra le parti nel rispetto dei termini minimi di conservazione previsti dalla legge.<\/p>\n\n\n\n<p>In ogni caso AFHER EUROBELT, S.A. conserver\u00e0 i vostri dati personali per il periodo di tempo ragionevolmente necessario, tenendo conto delle nostre necessit\u00e0 di rispondere a domande poste o risolvere problemi, apportare miglioramenti, attivare nuovi servizi e soddisfare i requisiti previsti dalla legge applicabile. Ci\u00f2 significa che possiamo conservare i tuoi dati personali per un periodo di tempo ragionevole anche dopo che hai smesso di utilizzare i nostri prodotti o hai smesso di utilizzare questo sito web. Dopo questo periodo, i tuoi dati personali saranno cancellati da tutti i sistemi di AFHER EUROBELT, S.A..<\/p>\n\n\n\n<ol class=\"wp-block-list\" start=\"4\">\n<li><strong>Per quali finalit\u00e0 e su quali basi trattiamo i vostri dati?<\/strong><\/li>\n<\/ol>\n\n\n\n<p>In AFHER EUROBELT, S.A. trattiamo i dati forniti dalle persone interessate al fine di gestire diverse attivit\u00e0 derivanti da procedure specifiche realizzate in materia di vendite, servizio post vendita, gestione dei fornitori, gestione dei candidati, qualit\u00e0 dei servizi, ecc. In questo modo, utilizzeremo i vostri dati per eseguire alcune delle seguenti azioni sulla base della rispettiva base giuridica:<\/p>\n\n\n\n<figure class=\"wp-block-table\"><table><tbody><tr><td><strong>FINALITA&#8217; DEL TRATTAMENTO<\/strong><\/td><td><strong>BASE DI LEGITTIMAZIONE<\/strong><\/td><\/tr><tr><td><strong>Garantire la sicurezza degli impianti, dei beni e delle persone.<\/strong><\/td><td>Adempimento di una missione nell&#8217;interesse pubblico o nell&#8217;esercizio di pubblici poteri dell&#8217;interessato<\/td><\/tr><tr><td><strong>Rispondere alle richieste degli interessati in materia di protezione dei dati.<\/strong><\/td><td>Obbligo regolamentare<\/td><\/tr><tr><td><strong>Gestione contabile, fiscale, amministrativa e della fatturazione dei clienti<\/strong><\/td><td>Esecuzione (pre)contratto; Obbligo normativo<\/td><\/tr><tr><td><strong>Gestione delle richieste di informazioni pervenute tramite il modulo web e\/o RRSS.<\/strong><\/td><td>Consenso dell&#8217;interessato<\/td><\/tr><tr><td><strong>Gestione fiscale, contabile e amministrativa con fornitori<\/strong><\/td><td>Esecuzione (pre)contratto; Obbligo normativo<\/td><\/tr><tr><td><strong>Gestire i processi di selezione del personale attraverso la raccolta di CV, lo studio e la classificazione, la gestione dei colloqui di lavoro e, se del caso, la formalizzazione del contratto di lavoro con le persone selezionate.<\/strong><\/td><td>Esecuzione (pre)contratto; consenso dell&#8217;interessato.<\/td><\/tr><\/tbody><\/table><\/figure>\n\n\n\n<p>Per quanto riguarda la base di legittimazione a cui si fa riferimento, l&#8217;utente \u00e8 tenuto a fornire i dati personali, nel caso in cui non fornisca i propri dati personali non sar\u00e0 possibile eseguire il contratto, adempiere agli obblighi legali o derivanti dalle autorit\u00e0 pubbliche.<\/p>\n\n\n\n<p>Non elaboreremo profili commerciali sulla base delle informazioni fornite e di conseguenza non prenderemo decisioni automatizzate su di te sulla base di un profilo commerciale.<\/p>\n\n\n\n<ol class=\"wp-block-list\" start=\"5\">\n<li><strong>A quali destinatari verranno comunicati i vostri dati?<\/strong><\/li>\n<\/ol>\n\n\n\n<p>AFHER EUROBELT, S.A. non condivider\u00e0 mai i tuoi dati personali con nessuna societ\u00e0 terza che intenda utilizzarli nelle sue azioni di marketing diretto, tranne nel caso in cui tu ci abbia espressamente autorizzato a farlo.<\/p>\n\n\n\n<p>La informiamo che possiamo fornire i suoi dati personali ad organismi della Pubblica Amministrazione e Autorit\u00e0 competenti nei casi in cui AFHER EUROBELT, S.A. riceva un&#8217;ingiunzione legale da parte di tali Autorit\u00e0 o nei casi in cui, agendo in buona fede, riteniamo che tale azione sia ragionevolmente necessaria per adempiere a un procedimento giudiziario; per rispondere a qualsiasi reclamo o reclamo legale; o per proteggere i diritti di AFHER EUROBELT, S.A. o dei suoi clienti e del pubblico in generale.<\/p>\n\n\n\n<p>La informiamo che i Suoi dati o dati di terzi da Lei comunicati (Coniugi, figli, ecc.) non saranno ceduti o comunicati a terzi salvo obbligo legale, essendo la societ\u00e0 l&#8217;unica responsabile del loro trattamento e custodia.<\/p>\n\n\n\n<p>AFHER EUROBELT, S.A. pu\u00f2 fornire i tuoi dati personali a terzi (ad esempio, fornitori di servizi Internet che ci aiutano a gestire il nostro sito Web o a svolgere i servizi contrattuali, societ\u00e0 di supporto e manutenzione informatica, societ\u00e0 di logistica, societ\u00e0 di gestione e consulenza fiscale e contabile, ecc.). In ogni caso, queste terze parti devono mantenere, in ogni momento, gli stessi livelli di sicurezza di AFHER EUROBELT, S.A. in relazione ai tuoi dati personali e, se necessario, saranno vincolati da impegni legali al fine di conservare i tuoi dati personali in modo privato e sicuro e al fine di utilizzare solo le informazioni seguendo le istruzioni specifiche di AFHER EUROBELT, S.A.. <\/p>\n\n\n\n<p>La informiamo che la nostra entit\u00e0 non effettua trasferimenti internazionali di dati in materia di gestione di Utenti, Clienti e\/o Fornitori.<\/p>\n\n\n\n<ol class=\"wp-block-list\" start=\"6\">\n<li><strong>Quali sono i vostri diritti in quanto individui o interessati? <\/strong><\/li>\n<\/ol>\n\n\n\n<p>Chiunque ha il diritto di ottenere conferma se AFHER EUROBELT, S.A. tratta o meno dati personali che lo riguardano. <\/p>\n\n\n\n<p>In particolare, gli interessati possono richiedere il diritto di accesso ai propri dati personali e di riceverli in un formato comune e leggibile meccanicamente se il trattamento avviene per via elettronica (diritto di portabilit\u00e0).<\/p>\n\n\n\n<p>Inoltre, gli interessati possono richiedere il diritto di rettifica dei dati inesatti o, se del caso, richiederne la cancellazione quando, tra l&#8217;altro, i dati non sono pi\u00f9 necessari per le finalit\u00e0 raccolte. <\/p>\n\n\n\n<p>Inoltre, in determinate circostanze, gli interessati possono chiedere la limitazione del trattamento dei loro dati, o in determinate circostanze e per motivi connessi alla loro situazione particolare, gli interessati possono esercitare il loro diritto di opporsi al trattamento dei loro dati. AFHER EUROBELT, S.A. cesser\u00e0 il trattamento dei dati, salvo motivi legittimi imperativi, o l&#8217;esercizio o la difesa di eventuali reclami o delle eccezioni previste dalla normativa applicabile.<\/p>\n\n\n\n<p>Ti informiamo inoltre che hai il diritto di revocare il consenso fornito in qualsiasi momento, senza che ci\u00f2 pregiudichi la liceit\u00e0 del trattamento sulla base del consenso prima della revoca.<\/p>\n\n\n\n<p>Si informa inoltre l&#8217;Utente che in qualsiasi momento pu\u00f2 esercitare i suddetti diritti contattandoci per iscritto utilizzando i dati di contatto indicati nella Sezione 1, &#8216;Responsabile del trattamento&#8217; della presente Politica di Protezione dei Dati e Privacy di AFHER EUROBELT, S.A., allegando copia della sua carta di identit\u00e0. Potete anche inviarci un&#8217;e-mail all&#8217;indirizzo afher@eurobelt.com.<br\/>Hai anche il diritto di presentare un reclamo all&#8217;Agenzia spagnola per la protezione dei dati, in particolare quando non hai ottenuto soddisfazione nell&#8217;esercizio dei tuoi diritti.<\/p>\n\n\n\n<p>Agencia Espa\u00f1ola de Protecci\u00f3n de Datos.<\/p>\n\n\n\n<p>C\/ Jorge Juan, 6<\/p>\n\n\n\n<p>28001 \u2013 Madrid<\/p>\n\n\n\n<p>Telf. 901100099 \/ 912663517<\/p>\n\n\n\n<ol class=\"wp-block-list\" start=\"7\">\n<li><strong>Protezione dei dati degli utenti del sito web.<\/strong><\/li>\n<\/ol>\n\n\n\n<p>A norma dell&#8217;attuale regolamento (UE) 2016\/679, AFHER EUROBELT, S.A. informa che i dati personali degli Utenti del sito web saranno trattati per l&#8217;attivit\u00e0 del trattamento indicato in ogni modulo di raccolta dati del nostro sito web da parte di AFHER EUROBELT, S.A. . Tale trattamento dei vostri dati sar\u00e0 basato sul vostro consenso. Premendo il pulsante &#8220;INVIA&#8221;, l&#8217;Utente acconsente al trattamento dei suoi dati da parte di AFHER EUROBELT, S.A..<\/p>\n\n\n\n<p>Vi informiamo inoltre che, salvo obbligo legale o consenso esplicito da parte vostra, AFHER EUROBELT, S.A. non ceder\u00e0 i vostri dati a terzi. <\/p>\n\n\n\n<p>Si informa inoltre l&#8217;Utente che in qualsiasi momento pu\u00f2 esercitare i diritti di accesso, rettifica o cancellazione dei dati, nonch\u00e9 disporre di altri diritti riconosciuti nel presente documento e disciplinati dal regolamento (UE) 2016\/679, notificandolo a AFHER EUROBELT, S.A., e-mail: afher@eurobelt.com.<br\/>Inoltre, conformemente alle disposizioni della legge 34\/2002, dell&#8217;11 luglio, sui servizi della societ\u00e0 dell&#8217;informazione e del commercio elettronico, AFHER EUROBELT, S.A.si impegna a non inviare pubblicit\u00e0 via e-mail senza aver prima ottenuto l&#8217;espressa autorizzazione del destinatario. L&#8217;Utente pu\u00f2 opporsi all&#8217;invio di pubblicit\u00e0 selezionando l&#8217;apposita casella.<\/p>\n\n\n\n<ol class=\"wp-block-list\" start=\"8\">\n<li><strong>Altre informazioni interessanti sulla nostra politica sulla privacy<\/strong><\/li>\n<\/ol>\n\n\n\n<p><strong>8.1<\/strong><strong> <\/strong><strong>Misure di sicurezza<\/strong><\/p>\n\n\n\n<p>AFHER EUROBELT, S.A. adotta i livelli di sicurezza richiesti dalla normativa europea e spagnola vigente in materia di protezione dei dati tenendo conto dello stato dell&#8217;arte, dei costi di applicazione e della natura, dell&#8217;ambito, del contesto e delle finalit\u00e0 del trattamento descritti, nonch\u00e9 i rischi variabili di probabilit\u00e0 e gravit\u00e0 per i diritti e le libert\u00e0 personali.<\/p>\n\n\n\n<p><strong>8.2<\/strong><strong> <\/strong><strong>Modifiche alla nostra politica di protezione dei dati e della privacy<\/strong><\/p>\n\n\n\n<p>Occasionalmente, AFHER EUROBELT, S.A. potr\u00e0 apportare modifiche e correzioni a questa sezione della Politica di Protezione dei Dati per Clienti, Fornitori e Utenti. Si prega di controllare regolarmente questa sezione per eventuali modifiche e come possono influire su voi stessi.<\/p>\n\n\n\n<p><strong>8.3 Perch\u00e9 \u00e8 necessario accettare questa Politica di Protezione dei Dati e della Privacy?<\/strong><\/p>\n\n\n\n<p>Questa sezione della Politica di Protezione dei Dati per Clienti, Fornitori e Utenti fornisce in modo facilmente accessibile tutte le informazioni necessarie affinch\u00e9 voi possiate conoscere la tipologia di dati che AFHER EUROBELT, S.A. mantiene sui suoi potenziali clienti, clienti e\/o fornitori, le finalit\u00e0 perseguite, i diritti che la normativa sulla protezione dei dati riconosce a Lei. come persona interessata e come esercitare tali diritti. Pertanto, con l&#8217;invio deliberato dei tuoi dati personali tramite i nostri mezzi di contatto e\/o con l&#8217;avvio del rapporto commerciale con la nostra azienda, riteniamo che tu riconosca e accetti il trattamento dei tuoi dati personali come descritto nella presente politica. Queste informazioni personali saranno utilizzate solo per gli scopi per i quali ce le hai fornite o determinate normative nazionali o regionali ci consentono di farlo. <\/p>\n\n\n\n<p>In ogni caso, dobbiamo avvertirvi che un rifiuto da parte vostra di fornirci determinati dati richiesti potrebbe ostacolare lo sviluppo del rapporto contrattuale tra le parti con possibili gravi conseguenze al momento di prestare le varie prestazioni del contratto commerciale concluso con la parte contraente.<\/p>\n\n\n\n<p>In caso di domande relative alla presente Informativa sulla protezione dei dati per i potenziali clienti, clienti e fornitori di AFHER EUROBELT, S.A. si prega di contattare l&#8217;azienda utilizzando l&#8217;indirizzo fornito nella sezione &#8216;Titolare del Trattamento&#8217; e saremo lieti di assistervi e rispondere alle ulteriori domande che vorrete porci.<\/p>\n\n\n\n<ol class=\"wp-block-list\" start=\"9\">\n<li><strong>Legislazione applicabile<\/strong><\/li>\n<\/ol>\n\n\n\n<p>Le presenti Condizioni saranno disciplinate in ogni momento dalle disposizioni della legislazione spagnola ed europea in materia di protezione dei dati personali e di privacy.<\/p>\n<\/section>\n","protected":false},"excerpt":{"rendered":"","protected":false},"author":1,"featured_media":0,"parent":0,"menu_order":0,"comment_status":"closed","ping_status":"closed","template":"alpha-no-header","meta":{"footnotes":""},"class_list":["post-3380","page","type-page","status-publish","hentry"],"yoast_head":"<!-- This site is optimized with the Yoast SEO plugin v27.0 - https:\/\/yoast.com\/product\/yoast-seo-wordpress\/ -->\n<title>Informativa sulla protezione dei dati - Eurobelt<\/title>\n<meta name=\"robots\" content=\"index, follow, max-snippet:-1, max-image-preview:large, max-video-preview:-1\" \/>\n<link rel=\"canonical\" href=\"https:\/\/www.eurobelt.com\/politica-de-proteccion-de-datos\/\" \/>\n<meta property=\"og:locale\" content=\"it_IT\" \/>\n<meta property=\"og:type\" content=\"article\" \/>\n<meta property=\"og:title\" content=\"Informativa sulla protezione dei dati - Eurobelt\" \/>\n<meta property=\"og:url\" content=\"https:\/\/www.eurobelt.com\/politica-de-proteccion-de-datos\/\" \/>\n<meta property=\"og:site_name\" content=\"Eurobelt\" \/>\n<meta property=\"article:modified_time\" content=\"2024-07-17T14:28:48+00:00\" \/>\n<meta name=\"twitter:card\" content=\"summary_large_image\" \/>\n<meta name=\"twitter:label1\" content=\"Tempo di lettura stimato\" \/>\n\t<meta name=\"twitter:data1\" content=\"9 minuti\" \/>\n<script type=\"application\/ld+json\" class=\"yoast-schema-graph\">{\"@context\":\"https:\/\/schema.org\",\"@graph\":[{\"@type\":\"WebPage\",\"@id\":\"https:\/\/www.eurobelt.com\/politica-de-proteccion-de-datos\/\",\"url\":\"https:\/\/www.eurobelt.com\/politica-de-proteccion-de-datos\/\",\"name\":\"Informativa sulla protezione dei dati - Eurobelt\",\"isPartOf\":{\"@id\":\"https:\/\/www.eurobelt.com\/#website\"},\"datePublished\":\"2024-03-26T10:30:39+00:00\",\"dateModified\":\"2024-07-17T14:28:48+00:00\",\"breadcrumb\":{\"@id\":\"https:\/\/www.eurobelt.com\/politica-de-proteccion-de-datos\/#breadcrumb\"},\"inLanguage\":\"it-IT\",\"potentialAction\":[{\"@type\":\"ReadAction\",\"target\":[\"https:\/\/www.eurobelt.com\/politica-de-proteccion-de-datos\/\"]}]},{\"@type\":\"BreadcrumbList\",\"@id\":\"https:\/\/www.eurobelt.com\/politica-de-proteccion-de-datos\/#breadcrumb\",\"itemListElement\":[{\"@type\":\"ListItem\",\"position\":1,\"name\":\"Portada\",\"item\":\"https:\/\/www.eurobelt.com\/it\/\"},{\"@type\":\"ListItem\",\"position\":2,\"name\":\"Informativa sulla protezione dei dati\"}]},{\"@type\":\"WebSite\",\"@id\":\"https:\/\/www.eurobelt.com\/#website\",\"url\":\"https:\/\/www.eurobelt.com\/\",\"name\":\"Eurobelt\",\"description\":\"\",\"publisher\":{\"@id\":\"https:\/\/www.eurobelt.com\/#organization\"},\"potentialAction\":[{\"@type\":\"SearchAction\",\"target\":{\"@type\":\"EntryPoint\",\"urlTemplate\":\"https:\/\/www.eurobelt.com\/?s={search_term_string}\"},\"query-input\":{\"@type\":\"PropertyValueSpecification\",\"valueRequired\":true,\"valueName\":\"search_term_string\"}}],\"inLanguage\":\"it-IT\"},{\"@type\":\"Organization\",\"@id\":\"https:\/\/www.eurobelt.com\/#organization\",\"name\":\"Eurobelt\",\"url\":\"https:\/\/www.eurobelt.com\/\",\"logo\":{\"@type\":\"ImageObject\",\"inLanguage\":\"it-IT\",\"@id\":\"https:\/\/www.eurobelt.com\/#\/schema\/logo\/image\/\",\"url\":\"https:\/\/www.eurobelt.com\/wp-content\/uploads\/2025\/10\/logo_web.jpg\",\"contentUrl\":\"https:\/\/www.eurobelt.com\/wp-content\/uploads\/2025\/10\/logo_web.jpg\",\"width\":458,\"height\":135,\"caption\":\"Eurobelt\"},\"image\":{\"@id\":\"https:\/\/www.eurobelt.com\/#\/schema\/logo\/image\/\"},\"sameAs\":[\"https:\/\/www.linkedin.com\/eurobelt\/\"]}]}<\/script>\n<!-- \/ Yoast SEO plugin. -->","yoast_head_json":{"title":"Informativa sulla protezione dei dati - Eurobelt","robots":{"index":"index","follow":"follow","max-snippet":"max-snippet:-1","max-image-preview":"max-image-preview:large","max-video-preview":"max-video-preview:-1"},"canonical":"https:\/\/www.eurobelt.com\/politica-de-proteccion-de-datos\/","og_locale":"it_IT","og_type":"article","og_title":"Informativa sulla protezione dei dati - Eurobelt","og_url":"https:\/\/www.eurobelt.com\/politica-de-proteccion-de-datos\/","og_site_name":"Eurobelt","article_modified_time":"2024-07-17T14:28:48+00:00","twitter_card":"summary_large_image","twitter_misc":{"Tempo di lettura stimato":"9 minuti"},"schema":{"@context":"https:\/\/schema.org","@graph":[{"@type":"WebPage","@id":"https:\/\/www.eurobelt.com\/politica-de-proteccion-de-datos\/","url":"https:\/\/www.eurobelt.com\/politica-de-proteccion-de-datos\/","name":"Informativa sulla protezione dei dati - Eurobelt","isPartOf":{"@id":"https:\/\/www.eurobelt.com\/#website"},"datePublished":"2024-03-26T10:30:39+00:00","dateModified":"2024-07-17T14:28:48+00:00","breadcrumb":{"@id":"https:\/\/www.eurobelt.com\/politica-de-proteccion-de-datos\/#breadcrumb"},"inLanguage":"it-IT","potentialAction":[{"@type":"ReadAction","target":["https:\/\/www.eurobelt.com\/politica-de-proteccion-de-datos\/"]}]},{"@type":"BreadcrumbList","@id":"https:\/\/www.eurobelt.com\/politica-de-proteccion-de-datos\/#breadcrumb","itemListElement":[{"@type":"ListItem","position":1,"name":"Portada","item":"https:\/\/www.eurobelt.com\/it\/"},{"@type":"ListItem","position":2,"name":"Informativa sulla protezione dei dati"}]},{"@type":"WebSite","@id":"https:\/\/www.eurobelt.com\/#website","url":"https:\/\/www.eurobelt.com\/","name":"Eurobelt","description":"","publisher":{"@id":"https:\/\/www.eurobelt.com\/#organization"},"potentialAction":[{"@type":"SearchAction","target":{"@type":"EntryPoint","urlTemplate":"https:\/\/www.eurobelt.com\/?s={search_term_string}"},"query-input":{"@type":"PropertyValueSpecification","valueRequired":true,"valueName":"search_term_string"}}],"inLanguage":"it-IT"},{"@type":"Organization","@id":"https:\/\/www.eurobelt.com\/#organization","name":"Eurobelt","url":"https:\/\/www.eurobelt.com\/","logo":{"@type":"ImageObject","inLanguage":"it-IT","@id":"https:\/\/www.eurobelt.com\/#\/schema\/logo\/image\/","url":"https:\/\/www.eurobelt.com\/wp-content\/uploads\/2025\/10\/logo_web.jpg","contentUrl":"https:\/\/www.eurobelt.com\/wp-content\/uploads\/2025\/10\/logo_web.jpg","width":458,"height":135,"caption":"Eurobelt"},"image":{"@id":"https:\/\/www.eurobelt.com\/#\/schema\/logo\/image\/"},"sameAs":["https:\/\/www.linkedin.com\/eurobelt\/"]}]}},"_links":{"self":[{"href":"https:\/\/www.eurobelt.com\/it\/wp-json\/wp\/v2\/pages\/3380","targetHints":{"allow":["GET"]}}],"collection":[{"href":"https:\/\/www.eurobelt.com\/it\/wp-json\/wp\/v2\/pages"}],"about":[{"href":"https:\/\/www.eurobelt.com\/it\/wp-json\/wp\/v2\/types\/page"}],"author":[{"embeddable":true,"href":"https:\/\/www.eurobelt.com\/it\/wp-json\/wp\/v2\/users\/1"}],"replies":[{"embeddable":true,"href":"https:\/\/www.eurobelt.com\/it\/wp-json\/wp\/v2\/comments?post=3380"}],"version-history":[{"count":1,"href":"https:\/\/www.eurobelt.com\/it\/wp-json\/wp\/v2\/pages\/3380\/revisions"}],"predecessor-version":[{"id":3381,"href":"https:\/\/www.eurobelt.com\/it\/wp-json\/wp\/v2\/pages\/3380\/revisions\/3381"}],"wp:attachment":[{"href":"https:\/\/www.eurobelt.com\/it\/wp-json\/wp\/v2\/media?parent=3380"}],"curies":[{"name":"wp","href":"https:\/\/api.w.org\/{rel}","templated":true}]}}